{"id":1609,"date":"2016-04-05T11:02:52","date_gmt":"2016-04-05T09:02:52","guid":{"rendered":"http:\/\/zonglowanie-literami.pl\/?page_id=1609"},"modified":"2025-10-27T12:35:15","modified_gmt":"2025-10-27T11:35:15","slug":"referencje","status":"publish","type":"page","link":"https:\/\/zonglowanie-literami.pl\/index.php\/referencje\/","title":{"rendered":"Referencje"},"content":{"rendered":"\n<hr class=\"wp-block-separator has-alpha-channel-opacity is-style-wide\"\/>\n\n\n\n<h2 class=\"wp-block-heading\" style=\"font-size:20px\"><strong>MoreThanWriters (Key Content)<\/strong><\/h2>\n\n\n\n<p>\u201eI will be very happy to have you on board for other projects. You have always been <strong>a pleasure to work with<\/strong> and I know your <strong>work is amazing and solid<\/strong>!\u201d.<\/p>\n\n\n\n<p>\u201eI&#8217;ve had the pleasure of working with Magdalena for several years, and she consistently delivers high-quality SEO texts on time. Her <strong>professionalism, creativity and reliability<\/strong> make her a <strong>fantastic collaborator<\/strong>. <strong>I highly recommend her for any project that requires engaging writing<\/strong>\u201d.<\/p>\n\n\n\n<p>(Patricia Mac\u00edas, Project Manager)<\/p>\n\n\n\n<hr class=\"wp-block-separator has-alpha-channel-opacity is-style-wide\"\/>\n\n\n\n<h2 class=\"wp-block-heading has-text-align-left has-medium-font-size\"><strong>WhitePress Sp. z o.o.<\/strong><\/h2>\n\n\n\n<p>\u201e<span aria-hidden=\"true\">Z Magd\u0105 rozpocz\u0119\u0142y\u015bmy wsp\u00f3\u0142prac\u0119 w marcu 2021 w ramach platformy WhitePress i od pocz\u0105tku by\u0142a jednym z moich ulubionych copywriter\u00f3w \u2013 <strong>tworzone przez ni\u0105 artyku\u0142y (np. specjalistyczne, blogowe czy pod SEO) by\u0142y pisane rzetelnie, w dobrym stylu i dostarczane na czas<\/strong>. Na Magd\u0119 cz\u0119sto <strong>mog\u0142am liczy\u0107 r\u00f3wnie\u017c w sytuacjach kryzysowych, gdy potrzebowa\u0142am tre\u015bci na \u201eju\u017c\u201d. Jest bardzo komunikatywna, profesjonalna, a jednocze\u015bnie po prostu przesympatyczna. Wsp\u00f3\u0142praca z ni\u0105 to prawdziwa przyjemno\u015b\u0107 i brak obaw o jako\u015b\u0107 dostarczonych tekst\u00f3w<\/strong><\/span>\u201d.<\/p>\n\n\n\n<p>(Magdalena Jastrz\u0119bska, Content Manager)<\/p>\n\n\n\n<hr class=\"wp-block-separator has-alpha-channel-opacity is-style-wide\"\/>\n\n\n\n<h2 class=\"wp-block-heading has-medium-font-size\"><strong>AccessPro Sp. z o.o.<\/strong><\/h2>\n\n\n\n<p>\u201ePani Magda<strong> jest \u015bwietnym, godnym polecenia copywriterem<\/strong> \u2013 dostarczane przez ni\u0105 <strong>teksty s\u0105 konkretne i zawsze zgodne z wymaganiami klienta<\/strong>. Autorka <strong>wzorowo wywi\u0105zuje si\u0119 z termin\u00f3w<\/strong>, jest w stanie <strong>szybko zrealizowa\u0107 nawet du\u017ce zlecenia<\/strong>. <strong>Wsp\u00f3\u0142praca z ni\u0105 to naprawd\u0119 przyjemno\u015b\u0107<\/strong>\u201d.<\/p>\n\n\n\n<p>(Paulina Kalbarczyk, Content Manager)<\/p>\n\n\n\n<hr class=\"wp-block-separator has-alpha-channel-opacity is-style-wide\"\/>\n\n\n\n<h2 class=\"wp-block-heading has-medium-font-size\"><strong>TextBroker.pl<\/strong><\/h2>\n\n\n\n<p>\u201ePani Magdalena Szymku\u0107 <strong>od niemal 3 lat<\/strong> <strong>wzorowo wsp\u00f3\u0142pracuje<\/strong> z platform\u0105 Textbroker Polska. Zawsze <strong>przestrzega wyznaczonych termin\u00f3w<\/strong>, a tworzone przez ni\u0105 <strong>tre\u015bci odznaczaj\u0105 si\u0119 precyzyjnym opracowaniem problemu, znakomit\u0105 warto\u015bci\u0105 merytoryczn\u0105 oraz bezb\u0142\u0119dn\u0105 polszczyzn\u0105<\/strong>. Ch\u0119tnie <strong>podejmuje nowe wyzwania<\/strong>, a do napisania ka\u017cdego zlecenia <strong>przygotowuje si\u0119 bardzo wnikliwie <\/strong>i szczeg\u00f3\u0142owo.<\/p>\n\n\n\n<p>Pani Magdalena <strong>jest osob\u0105 godn\u0105 zaufania<\/strong>, kt\u00f3ra w pe\u0142ni oddaje si\u0119 swoim obowi\u0105zkom. <strong>Cechuje si\u0119 wysok\u0105 etyk\u0105 pracy oraz znajomo\u015bci\u0105 szerokiej tematyki<\/strong>, co jest niezwykle po\u017c\u0105dane w przypadku tworzenia i edycji tre\u015bci. <strong>Ka\u017cde zlecenie traktuje w spos\u00f3b indywidualny<\/strong>, wykazuj\u0105c przy tym bardzo <strong>profesjonalne podej\u015bcie do redakcji tekst\u00f3w ka\u017cdego rodzaju<\/strong>.<\/p>\n\n\n\n<p><strong>Szczerze polecam wsp\u00f3\u0142prac\u0119<\/strong> z Pani\u0105 Magdalen\u0105\u201d.<\/p>\n\n\n\n<p>(Jan Jarosiewicz, Country Manager Poland w Textbroker EU)<\/p>\n\n\n\n<hr class=\"wp-block-separator has-alpha-channel-opacity is-style-wide\"\/>\n\n\n\n<h2 class=\"wp-block-heading has-medium-font-size\"><strong>TextBroker.pl<\/strong><\/h2>\n\n\n\n<p>\u201eMagda jest po prostu <strong>utalentowanym (a do tego rzetelnym!) copywriterem<\/strong>. Pracowa\u0142am z ni\u0105 przez ponad 1,5 roku \u2013 jej <strong>teksty zawsze by\u0142y pisane z polotem, ale bez \u201elania wody\u201d <\/strong>czy zb\u0119dnych ozdobnik\u00f3w. Nie mo\u017cna im tak\u017ce niczego zarzuci\u0107 pod wzgl\u0119dem merytorycznym. To <strong>profesjonalistka w ka\u017cdym calu<\/strong>, kt\u00f3ra przygotowuje si\u0119 do ka\u017cdego powierzonego zadania \u2013 nie ma dla niej spraw mniej wa\u017cnych. Zawsze <strong>poszukuje jak najlepszych \u017ar\u00f3de\u0142 i doskonale pracuje pod presj\u0105 czasu<\/strong>. Pisze cz\u0119sto, niezale\u017cnie od tego, czy ma akurat wen\u0119. Jest tak\u017ce <strong>dobrze zorganizowana<\/strong> \u2013 zawsze <strong>na czas zawiadamia o nieobecno\u015bci<\/strong>, by umo\u017cliwi\u0107 alternatywn\u0105 organizacj\u0119 pracy. <strong>Mam nadziej\u0119, \u017ce nasze drogi zawodowe jeszcze si\u0119 w przysz\u0142o\u015bci skrzy\u017cuj\u0105<\/strong>\u201d.<\/p>\n\n\n\n<p>(Anna Manganiello, by\u0142a Country Manager Poland w Textbroker EU)<\/p>\n\n\n\n<hr class=\"wp-block-separator has-alpha-channel-opacity is-style-wide\"\/>\n\n\n\n<h2 class=\"wp-block-heading has-medium-font-size\"><strong>Biuro projektowania wn\u0119trz Jnk-Studio<\/strong><\/h2>\n\n\n\n<p>\u201ePolecam wsp\u00f3\u0142prac\u0119 z Pani\u0105 Magdalen\u0105 Szymku\u0107, kt\u00f3ra jest <strong>osob\u0105 sumienn\u0105, terminow\u0105 i komunikatywn\u0105<\/strong>. W trakcie prawie <strong>dwuletniej wsp\u00f3\u0142pracy<\/strong> z biurem projektowania wn\u0119trz JnK-Studio pani Magdalena Szymku\u0107 <strong>napisa\u0142a \u0142\u0105cznie kilkaset tekst\u00f3w na stron\u0119 internetow\u0105 www.JnK-Studio.pl<\/strong>. Artyku\u0142y tematyczne dotycz\u0105ce aran\u017cacji wn\u0119trz mia\u0142y d\u0142ugo\u015b\u0107 1200 znak\u00f3w ze spacjami (ponad 200 tekst\u00f3w) lub minimum 2500 znak\u00f3w ze spacjami (50 tekst\u00f3w). Pani Magda opracowa\u0142a r\u00f3wnie\u017c ponad 150 opis\u00f3w galerii zdj\u0119\u0107 przedstawiaj\u0105cych projekty zrealizowane przez nasze biuro\u201d.<\/p>\n\n\n\n<p>(Joanna Soko\u0142owska, w\u0142a\u015bcicielka biura)<\/p>\n\n\n\n<hr class=\"wp-block-separator has-alpha-channel-opacity is-style-wide\"\/>\n\n\n\n<h2 class=\"wp-block-heading has-medium-font-size\"><strong>Wybrane opinie prywatnych klient\u00f3w<\/strong><\/h2>\n\n\n\n<p><strong>Ksi\u0119garnia internetowa:<\/strong> \u201eBrak uwag :)\u201d.<\/p>\n\n\n\n<p><strong>Sklep ze stolark\u0105 okienn\u0105 i drzwiow\u0105:<\/strong> \u201e\u015awietny kontakt, wzorowa wsp\u00f3\u0142praca. \ud83d\ude42 Polecam. :)\u201d.<\/p>\n\n\n\n<p><strong>Software house:<\/strong> \u201eBardzo dobra wsp\u00f3\u0142praca. \ud83d\ude42 \u015awietny kontakt, szybkie odpowiedzi na pytania i (na moj\u0105 pro\u015bb\u0119) uzupe\u0142nianie wymaga\u0144 o nowe materia\u0142y. Polecam. :)\u201d.<\/p>\n\n\n\n<p><strong>Agencja reklamowa:<\/strong> \u201eSuper, \u015bwietny tekst jak zawsze. Dzi\u0119kujemy\u201d.<\/p>\n\n\n\n<p><strong>Trener personalny: <\/strong>\u201eFantastyczy artyku\u0142, \u015bwietna robota!!!\u201d. \u201eWszystko super, warto! :-)\u201d.<\/p>\n\n\n\n<p><strong>Producent akupresurowych opasek na nudno\u015bci:<\/strong> \u201eBardzo dzi\u0119kuj\u0119. Profesjonalne wykonanie\u201d.<\/p>\n\n\n\n<p><strong>Sklep elektryczny online:<\/strong> \u201e\u015awietny tekst! :)\u201d.<\/p>\n\n\n\n<p><strong>Arty\u015bci tworz\u0105cy murale:<\/strong> \u201eSuper, dzi\u0119kuj\u0119\u201d.<\/p>\n\n\n\n<p><strong>Sklep internetowy z zabawkami edukacyjnymi dla dzieci:<\/strong> \u201e5\/5. Zostan\u0105 wprowadzone jedynie malutkie modyfikacje ale to ju\u017c ogarniemy po naszej stronie &#8211; dzi\u0119kuje\u201d.<\/p>\n\n\n\n<p><strong>Producent ubranek premium dla niemowl\u0105t i ma\u0142ych dzieci:<\/strong> \u201eSuper\u201d.<\/p>\n\n\n\n<p><strong>Firma produkuj\u0105ca odzie\u017c reklamow\u0105: <\/strong>\u201eFajnie napisane\u201d.<\/p>\n\n\n\n<p><strong>Firma eventowa z w\u0142asn\u0105 baz\u0105 noclegow\u0105: <\/strong>\u201eKlient zadowolony. Dzi\u0119kujemy\u201d.<\/p>\n\n\n\n<p><strong>Producent foteli bujanych i relaksacyjnych:<\/strong> \u201eBardzo dobry tekst. Ekspresowa korekta. Polecam Pani\u0105 Magd\u0119\u201d.<\/p>\n\n\n\n<hr class=\"wp-block-separator has-alpha-channel-opacity is-style-wide\"\/>\n\n\n\n<p><\/p>\n","protected":false},"excerpt":{"rendered":"<p>MoreThanWriters (Key Content) \u201eI will be very happy to have you on board for other projects. You have always been a pleasure to work with and I know your work is amazing and solid!\u201d. \u201eI&#8217;ve had the pleasure of working with Magdalena for several years, and she consistently delivers high-quality &hellip;<\/p>\n","protected":false},"author":2,"featured_media":0,"parent":0,"menu_order":6,"comment_status":"closed","ping_status":"closed","template":"","meta":{"sfsi_plus_gutenberg_text_before_share":"","sfsi_plus_gutenberg_show_text_before_share":"","sfsi_plus_gutenberg_icon_type":"","sfsi_plus_gutenberg_icon_alignemt":"","sfsi_plus_gutenburg_max_per_row":"","_monsterinsights_skip_tracking":false,"_monsterinsights_sitenote_active":false,"_monsterinsights_sitenote_note":"","_monsterinsights_sitenote_category":0,"footnotes":""},"class_list":["post-1609","page","type-page","status-publish","hentry"],"yoast_head":"<!-- This site is optimized with the Yoast SEO plugin v27.4 - https:\/\/yoast.com\/product\/yoast-seo-wordpress\/ -->\n<title>Referencje copywriter, content writer, webwriter<\/title>\n<meta name=\"description\" content=\"Referencje dotycz\u0105ce zrealizowanych projekt\u00f3w content marketingowych. Opinie o tekstach, artyku\u0142ach, content writingu, webwritingu, copywritingu.\" \/>\n<meta name=\"robots\" content=\"index, follow, max-snippet:-1, max-image-preview:large, max-video-preview:-1\" \/>\n<link rel=\"canonical\" href=\"https:\/\/zonglowanie-literami.pl\/index.php\/referencje\/\" \/>\n<meta property=\"og:locale\" content=\"pl_PL\" \/>\n<meta property=\"og:type\" content=\"article\" \/>\n<meta property=\"og:title\" content=\"Referencje copywriter, content writer, webwriter\" \/>\n<meta property=\"og:description\" content=\"Referencje dotycz\u0105ce zrealizowanych projekt\u00f3w content marketingowych. Opinie o tekstach, artyku\u0142ach, content writingu, webwritingu, copywritingu.\" \/>\n<meta property=\"og:url\" content=\"https:\/\/zonglowanie-literami.pl\/index.php\/referencje\/\" \/>\n<meta property=\"og:site_name\" content=\"\u017bonglowanie literami\" \/>\n<meta property=\"article:modified_time\" content=\"2025-10-27T11:35:15+00:00\" \/>\n<meta name=\"twitter:card\" content=\"summary_large_image\" \/>\n<meta name=\"twitter:label1\" content=\"Szacowany czas czytania\" \/>\n\t<meta name=\"twitter:data1\" content=\"4 minuty\" \/>\n<script type=\"application\/ld+json\" class=\"yoast-schema-graph\">{\"@context\":\"https:\\\/\\\/schema.org\",\"@graph\":[{\"@type\":\"WebPage\",\"@id\":\"https:\\\/\\\/zonglowanie-literami.pl\\\/index.php\\\/referencje\\\/\",\"url\":\"https:\\\/\\\/zonglowanie-literami.pl\\\/index.php\\\/referencje\\\/\",\"name\":\"Referencje copywriter, content writer, webwriter\",\"isPartOf\":{\"@id\":\"https:\\\/\\\/zonglowanie-literami.pl\\\/#website\"},\"datePublished\":\"2016-04-05T09:02:52+00:00\",\"dateModified\":\"2025-10-27T11:35:15+00:00\",\"description\":\"Referencje dotycz\u0105ce zrealizowanych projekt\u00f3w content marketingowych. Opinie o tekstach, artyku\u0142ach, content writingu, webwritingu, copywritingu.\",\"breadcrumb\":{\"@id\":\"https:\\\/\\\/zonglowanie-literami.pl\\\/index.php\\\/referencje\\\/#breadcrumb\"},\"inLanguage\":\"pl-PL\",\"potentialAction\":[{\"@type\":\"ReadAction\",\"target\":[\"https:\\\/\\\/zonglowanie-literami.pl\\\/index.php\\\/referencje\\\/\"]}]},{\"@type\":\"BreadcrumbList\",\"@id\":\"https:\\\/\\\/zonglowanie-literami.pl\\\/index.php\\\/referencje\\\/#breadcrumb\",\"itemListElement\":[{\"@type\":\"ListItem\",\"position\":1,\"name\":\"Strona g\u0142\u00f3wna\",\"item\":\"https:\\\/\\\/zonglowanie-literami.pl\\\/\"},{\"@type\":\"ListItem\",\"position\":2,\"name\":\"Referencje\"}]},{\"@type\":\"WebSite\",\"@id\":\"https:\\\/\\\/zonglowanie-literami.pl\\\/#website\",\"url\":\"https:\\\/\\\/zonglowanie-literami.pl\\\/\",\"name\":\"\u017bonglowanie literami\",\"description\":\"\",\"publisher\":{\"@id\":\"https:\\\/\\\/zonglowanie-literami.pl\\\/#\\\/schema\\\/person\\\/b19bffb12a423ad6edf50acbab734ec0\"},\"potentialAction\":[{\"@type\":\"SearchAction\",\"target\":{\"@type\":\"EntryPoint\",\"urlTemplate\":\"https:\\\/\\\/zonglowanie-literami.pl\\\/?s={search_term_string}\"},\"query-input\":{\"@type\":\"PropertyValueSpecification\",\"valueRequired\":true,\"valueName\":\"search_term_string\"}}],\"inLanguage\":\"pl-PL\"},{\"@type\":[\"Person\",\"Organization\"],\"@id\":\"https:\\\/\\\/zonglowanie-literami.pl\\\/#\\\/schema\\\/person\\\/b19bffb12a423ad6edf50acbab734ec0\",\"name\":\"admin\",\"image\":{\"@type\":\"ImageObject\",\"inLanguage\":\"pl-PL\",\"@id\":\"http:\\\/\\\/zonglowanie-literami.pl\\\/wp-content\\\/uploads\\\/2025\\\/03\\\/icons8-create-100.png\",\"url\":\"http:\\\/\\\/zonglowanie-literami.pl\\\/wp-content\\\/uploads\\\/2025\\\/03\\\/icons8-create-100.png\",\"contentUrl\":\"http:\\\/\\\/zonglowanie-literami.pl\\\/wp-content\\\/uploads\\\/2025\\\/03\\\/icons8-create-100.png\",\"width\":100,\"height\":100,\"caption\":\"admin\"},\"logo\":{\"@id\":\"http:\\\/\\\/zonglowanie-literami.pl\\\/wp-content\\\/uploads\\\/2025\\\/03\\\/icons8-create-100.png\"}}]}<\/script>\n<!-- \/ Yoast SEO plugin. -->","yoast_head_json":{"title":"Referencje copywriter, content writer, webwriter","description":"Referencje dotycz\u0105ce zrealizowanych projekt\u00f3w content marketingowych. Opinie o tekstach, artyku\u0142ach, content writingu, webwritingu, copywritingu.","robots":{"index":"index","follow":"follow","max-snippet":"max-snippet:-1","max-image-preview":"max-image-preview:large","max-video-preview":"max-video-preview:-1"},"canonical":"https:\/\/zonglowanie-literami.pl\/index.php\/referencje\/","og_locale":"pl_PL","og_type":"article","og_title":"Referencje copywriter, content writer, webwriter","og_description":"Referencje dotycz\u0105ce zrealizowanych projekt\u00f3w content marketingowych. Opinie o tekstach, artyku\u0142ach, content writingu, webwritingu, copywritingu.","og_url":"https:\/\/zonglowanie-literami.pl\/index.php\/referencje\/","og_site_name":"\u017bonglowanie literami","article_modified_time":"2025-10-27T11:35:15+00:00","twitter_card":"summary_large_image","twitter_misc":{"Szacowany czas czytania":"4 minuty"},"schema":{"@context":"https:\/\/schema.org","@graph":[{"@type":"WebPage","@id":"https:\/\/zonglowanie-literami.pl\/index.php\/referencje\/","url":"https:\/\/zonglowanie-literami.pl\/index.php\/referencje\/","name":"Referencje copywriter, content writer, webwriter","isPartOf":{"@id":"https:\/\/zonglowanie-literami.pl\/#website"},"datePublished":"2016-04-05T09:02:52+00:00","dateModified":"2025-10-27T11:35:15+00:00","description":"Referencje dotycz\u0105ce zrealizowanych projekt\u00f3w content marketingowych. Opinie o tekstach, artyku\u0142ach, content writingu, webwritingu, copywritingu.","breadcrumb":{"@id":"https:\/\/zonglowanie-literami.pl\/index.php\/referencje\/#breadcrumb"},"inLanguage":"pl-PL","potentialAction":[{"@type":"ReadAction","target":["https:\/\/zonglowanie-literami.pl\/index.php\/referencje\/"]}]},{"@type":"BreadcrumbList","@id":"https:\/\/zonglowanie-literami.pl\/index.php\/referencje\/#breadcrumb","itemListElement":[{"@type":"ListItem","position":1,"name":"Strona g\u0142\u00f3wna","item":"https:\/\/zonglowanie-literami.pl\/"},{"@type":"ListItem","position":2,"name":"Referencje"}]},{"@type":"WebSite","@id":"https:\/\/zonglowanie-literami.pl\/#website","url":"https:\/\/zonglowanie-literami.pl\/","name":"\u017bonglowanie literami","description":"","publisher":{"@id":"https:\/\/zonglowanie-literami.pl\/#\/schema\/person\/b19bffb12a423ad6edf50acbab734ec0"},"potentialAction":[{"@type":"SearchAction","target":{"@type":"EntryPoint","urlTemplate":"https:\/\/zonglowanie-literami.pl\/?s={search_term_string}"},"query-input":{"@type":"PropertyValueSpecification","valueRequired":true,"valueName":"search_term_string"}}],"inLanguage":"pl-PL"},{"@type":["Person","Organization"],"@id":"https:\/\/zonglowanie-literami.pl\/#\/schema\/person\/b19bffb12a423ad6edf50acbab734ec0","name":"admin","image":{"@type":"ImageObject","inLanguage":"pl-PL","@id":"http:\/\/zonglowanie-literami.pl\/wp-content\/uploads\/2025\/03\/icons8-create-100.png","url":"http:\/\/zonglowanie-literami.pl\/wp-content\/uploads\/2025\/03\/icons8-create-100.png","contentUrl":"http:\/\/zonglowanie-literami.pl\/wp-content\/uploads\/2025\/03\/icons8-create-100.png","width":100,"height":100,"caption":"admin"},"logo":{"@id":"http:\/\/zonglowanie-literami.pl\/wp-content\/uploads\/2025\/03\/icons8-create-100.png"}}]}},"_links":{"self":[{"href":"https:\/\/zonglowanie-literami.pl\/index.php\/wp-json\/wp\/v2\/pages\/1609","targetHints":{"allow":["GET"]}}],"collection":[{"href":"https:\/\/zonglowanie-literami.pl\/index.php\/wp-json\/wp\/v2\/pages"}],"about":[{"href":"https:\/\/zonglowanie-literami.pl\/index.php\/wp-json\/wp\/v2\/types\/page"}],"author":[{"embeddable":true,"href":"https:\/\/zonglowanie-literami.pl\/index.php\/wp-json\/wp\/v2\/users\/2"}],"replies":[{"embeddable":true,"href":"https:\/\/zonglowanie-literami.pl\/index.php\/wp-json\/wp\/v2\/comments?post=1609"}],"version-history":[{"count":46,"href":"https:\/\/zonglowanie-literami.pl\/index.php\/wp-json\/wp\/v2\/pages\/1609\/revisions"}],"predecessor-version":[{"id":3048,"href":"https:\/\/zonglowanie-literami.pl\/index.php\/wp-json\/wp\/v2\/pages\/1609\/revisions\/3048"}],"wp:attachment":[{"href":"https:\/\/zonglowanie-literami.pl\/index.php\/wp-json\/wp\/v2\/media?parent=1609"}],"curies":[{"name":"wp","href":"https:\/\/api.w.org\/{rel}","templated":true}]}}