{"id":2,"date":"2012-11-17T19:29:47","date_gmt":"2012-11-17T18:29:47","guid":{"rendered":"http:\/\/zonglowanie-literami.pl\/?page_id=2"},"modified":"2025-10-27T14:33:43","modified_gmt":"2025-10-27T13:33:43","slug":"o-mnie","status":"publish","type":"page","link":"https:\/\/zonglowanie-literami.pl\/","title":{"rendered":"O mnie"},"content":{"rendered":"\n<p class=\"has-text-align-center has-large-font-size\">Magdalena Szymku\u0107. Cz\u0142owiek od s\u0142owa (od 2011 r.)<\/p>\n\n\n\n<hr class=\"wp-block-separator has-alpha-channel-opacity is-style-wide\"\/>\n\n\n\n<h2 class=\"wp-block-heading has-medium-font-size\"><strong>Witaj!<\/strong><\/h2>\n\n\n\n<p>Z tej strony Magda. Skoro trafi\u0142a\u015b lub trafi\u0142e\u015b na moj\u0105 stron\u0119, to najpewniej szukasz kogo\u015b, kto biegle w\u0142ada s\u0142owem. Dlatego zapraszam Ci\u0119 do wsp\u00f3\u0142pracy!<\/p>\n\n\n\n<hr class=\"wp-block-separator has-alpha-channel-opacity is-style-wide\"\/>\n\n\n\n<p class=\"has-headings-color has-text-color has-link-color wp-elements-6bae881611d12dbd002ac32f8779a9e1\">Pracuj\u0119 ze s\u0142owem od 2011 roku. Zajmuj\u0119 si\u0119 copywritingiem, content writingiem, UX writingiem, prostym j\u0119zykiem i redakcj\u0105. Tworz\u0119 te\u017c ebooki, infografiki, prezentacje i materia\u0142y reklamowe. <strong>Portfolio moich prac z zakresu prostego j\u0119zyka i UX writingu znajdziesz po adresem:<a href=\"https:\/\/projektowanieux.pl\"> projektowanieux.pl<\/a><\/strong>.<\/p>\n\n\n\n<hr class=\"wp-block-separator has-alpha-channel-opacity is-style-wide\"\/>\n\n\n\n<h2 class=\"wp-block-heading has-headings-color has-text-color has-link-color wp-elements-b1ea28f0600170399a83f98b98095920\" style=\"font-size:20px\"><strong>Najwa\u017cniejsze liczby:<\/strong><\/h2>\n\n\n\n<div class=\"wp-block-columns has-background is-layout-flex wp-container-core-columns-is-layout-9d6595d7 wp-block-columns-is-layout-flex\" style=\"background-color:#d3dfea\">\n<div class=\"wp-block-column has-headings-color has-text-color has-link-color wp-elements-161888cbf6eed01aa417d2c307d55e6f is-layout-flow wp-block-column-is-layout-flow\">\n<p style=\"font-size:20px\"><strong><strong>TOP10 Google<\/strong><\/strong><\/p>\n\n\n\n<p><strong>Moje artyku\u0142y s\u0105 doskonale zoptymalizowane pod SEO i GEO.<\/strong><\/p>\n\n\n\n<p>Dla przyk\u0142adu <a href=\"https:\/\/www.whitepress.com\/pl\/baza-wiedzy\/102\/dlaczego-warto-poslugiwac-sie-infografika\" target=\"_blank\" rel=\"noreferrer noopener\"><strong><mark style=\"background-color:rgba(0, 0, 0, 0)\" class=\"has-inline-color has-accent-1-color\">wpis blogowy o infografikach<\/mark><\/strong><\/a> od pa\u017adziernika 2022 r. znajduje si\u0119 w pierwszej dziesi\u0105tce wynik\u00f3w organicznych Google na fraz\u0119: co to jest infografika. Aktualnie (sierpie\u0144 2025 r.) na 7. miejscu. Odwo\u0142uje si\u0119 do niego te\u017c AI Overviews.<\/p>\n\n\n\n<p>Z kolei <a href=\"https:\/\/www.whitepress.com\/pl\/baza-wiedzy\/732\/pinterest-co-to-jest-i-jak-dziala\"><strong><mark style=\"background-color:rgba(0, 0, 0, 0)\" class=\"has-inline-color has-accent-1-color\">wpis blogowy o Pinter\u015bcie<\/mark><\/strong><\/a> od wrze\u015bnia 2021 r. r\u00f3wnie\u017c jest w pierwszej dziesi\u0105tce wynik\u00f3w organicznych Google na fraz\u0119: co to jest Pinterest. Aktualnie (sierpie\u0144 2025 r.) na 9. miejscu. Odwo\u0142uje si\u0119 do niego te\u017c AI Overviews.<\/p>\n<\/div>\n\n\n\n<div class=\"wp-block-column has-headings-color has-text-color has-link-color wp-elements-a5853f930ab5b5a893776dd66fa90d89 is-layout-flow wp-block-column-is-layout-flow\">\n<p style=\"font-size:20px\"><strong>14+<\/strong><\/p>\n\n\n\n<p>Lat do\u015bwiadczenia w pracy ze s\u0142owem<\/p>\n<\/div>\n\n\n\n<div class=\"wp-block-column has-headings-color has-text-color has-link-color wp-elements-431a66120e4b2f19764a1bbd57399ea6 is-layout-flow wp-block-column-is-layout-flow\">\n<p style=\"font-size:20px\"><strong>10 000+<\/strong><\/p>\n\n\n\n<p>Napisanych tekst\u00f3w (po przekroczeniu magicznej liczby 10 000 przesta\u0142am liczy\u0107 \ud83d\ude09 )<\/p>\n<\/div>\n\n\n\n<div class=\"wp-block-column has-headings-color has-text-color has-link-color wp-elements-3905f81f7db07645008c8ccf6009c7f8 is-layout-flow wp-block-column-is-layout-flow\">\n<p style=\"font-size:20px\"><strong>700+<\/strong><\/p>\n\n\n\n<p>Godzin nauki (m.in. copywritingu, nowoczesnego marketingu, UX, UX writingu, redakcji, korekty i sk\u0142adu, prostego j\u0119zyka, poprawnej polszczyzny, WordPress i CMS, narz\u0119dzi analitycznych, social media, sprzeda\u017cy).<\/p>\n<\/div>\n<\/div>\n\n\n\n<hr class=\"wp-block-separator has-alpha-channel-opacity is-style-wide\"\/>\n\n\n\n<h2 class=\"wp-block-heading has-medium-font-size\"><strong>Dlaczego warto ze mn\u0105 pracowa\u0107?<\/strong><\/h2>\n\n\n\n<p><strong>Praca ze s\u0142owem jest dla mnie rzemios\u0142em.<\/strong> Rzetelnie przygotowuj\u0119 si\u0119 do realizacji ka\u017cdego zlecenia. Poznaj\u0119 propozycj\u0119 warto\u015bci klienta i potrzeby jego klient\u00f3w oraz analizuj\u0119 jego konkurencj\u0119. Dok\u0142adnie wczytuj\u0119 si\u0119 w wymagania klienta i nades\u0142ane przez niego dokumenty, takie jak brief kreatywny czy tone of voice. Korzystam z narz\u0119dzi analitycznych i edytor\u00f3w contentu, takich jak NeuronWriter i SurferSEO. <strong>Stawiam przede wszystkim na sprawn\u0105, otwart\u0105 komunikacj\u0119 z klientem i terminowo\u015b\u0107.<\/strong><\/p>\n\n\n\n<p>Dbam o <strong>interdyscyplinarne wykszta\u0142cenie<\/strong>, kt\u00f3re jest kluczowe dla os\u00f3b dzia\u0142aj\u0105cych w nowoczesnym marketingu. <strong>Sko\u0144czy\u0142am:<\/strong><\/p>\n\n\n\n<p class=\"has-white-color has-text-color has-link-color wp-elements-7e4ac651328708ea719ac0894fa30934\">.<\/p>\n\n\n\n<figure class=\"wp-block-image size-full is-resized\"><a href=\"https:\/\/zonglowanie-literami.pl\/wp-content\/uploads\/2025\/03\/education_3976555.png\"><img loading=\"lazy\" decoding=\"async\" width=\"512\" height=\"512\" src=\"https:\/\/zonglowanie-literami.pl\/wp-content\/uploads\/2025\/03\/education_3976555.png\" alt=\"\" class=\"wp-image-2525\" style=\"width:53px;height:auto\" srcset=\"https:\/\/zonglowanie-literami.pl\/wp-content\/uploads\/2025\/03\/education_3976555.png 512w, https:\/\/zonglowanie-literami.pl\/wp-content\/uploads\/2025\/03\/education_3976555-300x300.png 300w, https:\/\/zonglowanie-literami.pl\/wp-content\/uploads\/2025\/03\/education_3976555-150x150.png 150w, https:\/\/zonglowanie-literami.pl\/wp-content\/uploads\/2025\/03\/education_3976555-230x230.png 230w, https:\/\/zonglowanie-literami.pl\/wp-content\/uploads\/2025\/03\/education_3976555-350x350.png 350w, https:\/\/zonglowanie-literami.pl\/wp-content\/uploads\/2025\/03\/education_3976555-480x480.png 480w\" sizes=\"auto, (max-width: 512px) 100vw, 512px\" \/><\/a><\/figure>\n\n\n\n<h2 class=\"wp-block-heading has-medium-font-size\"><strong>Podyplomowe Studium Edytorstwa UAM<\/strong><\/h2>\n\n\n\n<p>Wiem, jak zadba\u0107 o r\u00f3\u017cnorodne publikacje w warstwie tekstowej (poprawna polszczyzna przede wszystkim \ud83d\ude09 ) i wizualnej. Potrafi\u0119 pracowa\u0107 z materia\u0142ami drukowanymi i elektronicznymi.<\/p>\n\n\n\n<p><a href=\"https:\/\/projektowanieux.pl\/umiejetnosci\/podyplomowe-studium-edytorstwa-uam\/\">Link do \u015bwiadectwa <\/a>uko\u0144czenia Podyplomowego Studium Edytorstwa UAM.<\/p>\n\n\n\n<p class=\"has-white-color has-text-color has-link-color wp-elements-7e4ac651328708ea719ac0894fa30934\">.<\/p>\n\n\n\n<figure class=\"wp-block-image size-full is-resized\"><a href=\"https:\/\/zonglowanie-literami.pl\/wp-content\/uploads\/2025\/03\/seo_4693059.png\"><img loading=\"lazy\" decoding=\"async\" width=\"512\" height=\"512\" src=\"https:\/\/zonglowanie-literami.pl\/wp-content\/uploads\/2025\/03\/seo_4693059.png\" alt=\"\" class=\"wp-image-2526\" style=\"width:50px;height:auto\" srcset=\"https:\/\/zonglowanie-literami.pl\/wp-content\/uploads\/2025\/03\/seo_4693059.png 512w, https:\/\/zonglowanie-literami.pl\/wp-content\/uploads\/2025\/03\/seo_4693059-300x300.png 300w, https:\/\/zonglowanie-literami.pl\/wp-content\/uploads\/2025\/03\/seo_4693059-150x150.png 150w, https:\/\/zonglowanie-literami.pl\/wp-content\/uploads\/2025\/03\/seo_4693059-230x230.png 230w, https:\/\/zonglowanie-literami.pl\/wp-content\/uploads\/2025\/03\/seo_4693059-350x350.png 350w, https:\/\/zonglowanie-literami.pl\/wp-content\/uploads\/2025\/03\/seo_4693059-480x480.png 480w\" sizes=\"auto, (max-width: 512px) 100vw, 512px\" \/><\/a><\/figure>\n\n\n\n<h2 class=\"wp-block-heading has-medium-font-size\"><strong>Podyplomowe Studia Reklamy i Promocji UAM<\/strong><\/h2>\n\n\n\n<p>Stworz\u0119 content reklamowy zgodny ze strategi\u0105 i ciekawy w oczach odbiorc\u00f3w. Rozumiem procesy marketingowe i specyfik\u0119 komunikacji w r\u00f3\u017cnych kana\u0142ach. Poza tym potrafi\u0119 tworzy\u0107 materia\u0142y reklamowe sp\u00f3jne z g\u0142osem i tonem marki oraz jej identyfikacj\u0105 wizualn\u0105.<\/p>\n\n\n\n<p><a href=\"https:\/\/projektowanieux.pl\/umiejetnosci\/podyplomowe-studia-reklamy-i-promocji-uam\/\">Link do \u015bwiadectwa<\/a> uko\u0144czenia Podyplomowych Studi\u00f3w Reklamy i Promocji UAM.<\/p>\n\n\n\n<p class=\"has-white-color has-text-color has-link-color wp-elements-7e4ac651328708ea719ac0894fa30934\">.<\/p>\n\n\n\n<figure class=\"wp-block-image size-full is-resized\"><a href=\"https:\/\/zonglowanie-literami.pl\/wp-content\/uploads\/2025\/03\/expertise_9874840.png\"><img loading=\"lazy\" decoding=\"async\" width=\"512\" height=\"512\" src=\"https:\/\/zonglowanie-literami.pl\/wp-content\/uploads\/2025\/03\/expertise_9874840.png\" alt=\"\" class=\"wp-image-2527\" style=\"width:52px;height:auto\" srcset=\"https:\/\/zonglowanie-literami.pl\/wp-content\/uploads\/2025\/03\/expertise_9874840.png 512w, https:\/\/zonglowanie-literami.pl\/wp-content\/uploads\/2025\/03\/expertise_9874840-300x300.png 300w, https:\/\/zonglowanie-literami.pl\/wp-content\/uploads\/2025\/03\/expertise_9874840-150x150.png 150w, https:\/\/zonglowanie-literami.pl\/wp-content\/uploads\/2025\/03\/expertise_9874840-230x230.png 230w, https:\/\/zonglowanie-literami.pl\/wp-content\/uploads\/2025\/03\/expertise_9874840-350x350.png 350w, https:\/\/zonglowanie-literami.pl\/wp-content\/uploads\/2025\/03\/expertise_9874840-480x480.png 480w\" sizes=\"auto, (max-width: 512px) 100vw, 512px\" \/><\/a><\/figure>\n\n\n\n<h2 class=\"wp-block-heading has-medium-font-size\"><strong>Interaction Design Foundation<\/strong><\/h2>\n\n\n\n<p>Zaprojektuj\u0119 tre\u015bci i materia\u0142y przyjazne dla u\u017cytkownik\u00f3w produkt\u00f3w cyfrowych. Wiem te\u017c, jak pogodzi\u0107 potrzeby u\u017cytkownik\u00f3w z celami biznesowymi.<\/p>\n\n\n\n<p><a href=\"https:\/\/projektowanieux.pl\/umiejetnosci\/interaction-design-foundation\/\">Link do certyfikat\u00f3w<\/a>, kt\u00f3re potwierdzaj\u0105 uko\u0144czenie kurs\u00f3w Interaction Design Foundation.<\/p>\n\n\n\n<p class=\"has-white-color has-text-color has-link-color wp-elements-7e4ac651328708ea719ac0894fa30934\">.<\/p>\n\n\n\n<figure class=\"wp-block-image size-full is-resized\"><a href=\"https:\/\/zonglowanie-literami.pl\/wp-content\/uploads\/2025\/03\/rocket_2498074.png\"><img loading=\"lazy\" decoding=\"async\" width=\"512\" height=\"512\" src=\"https:\/\/zonglowanie-literami.pl\/wp-content\/uploads\/2025\/03\/rocket_2498074.png\" alt=\"\" class=\"wp-image-2522\" style=\"width:49px;height:auto\" srcset=\"https:\/\/zonglowanie-literami.pl\/wp-content\/uploads\/2025\/03\/rocket_2498074.png 512w, https:\/\/zonglowanie-literami.pl\/wp-content\/uploads\/2025\/03\/rocket_2498074-300x300.png 300w, https:\/\/zonglowanie-literami.pl\/wp-content\/uploads\/2025\/03\/rocket_2498074-150x150.png 150w, https:\/\/zonglowanie-literami.pl\/wp-content\/uploads\/2025\/03\/rocket_2498074-230x230.png 230w, https:\/\/zonglowanie-literami.pl\/wp-content\/uploads\/2025\/03\/rocket_2498074-350x350.png 350w, https:\/\/zonglowanie-literami.pl\/wp-content\/uploads\/2025\/03\/rocket_2498074-480x480.png 480w\" sizes=\"auto, (max-width: 512px) 100vw, 512px\" \/><\/a><\/figure>\n\n\n\n<h2 class=\"wp-block-heading has-medium-font-size\"><strong>Kurs UX writing (Akademia Dobrej Tre\u015bci)<\/strong><\/h2>\n\n\n\n<p>Potrzebujesz tre\u015bci, kt\u00f3re u\u0142atwi\u0105 u\u017cytkownikom korzystanie z Twojego produktu cyfrowego, a Tobie \u2013 zrealizowanie celu biznesowego? Jeste\u015b pod w\u0142a\u015bciwym adresem!<\/p>\n\n\n\n<p><a href=\"https:\/\/projektowanieux.pl\/umiejetnosci\/kurs-projektowania-tresci-ux-writingu\/\">Link do certyfikatu<\/a> uko\u0144czenia kursu projektowania tre\u015bci (UX writingu).<\/p>\n\n\n\n<p class=\"has-white-color has-text-color has-link-color wp-elements-7e4ac651328708ea719ac0894fa30934\">.<\/p>\n\n\n\n<figure class=\"wp-block-image size-full is-resized\"><a href=\"https:\/\/zonglowanie-literami.pl\/wp-content\/uploads\/2025\/03\/signature_1378305.png\"><img loading=\"lazy\" decoding=\"async\" width=\"512\" height=\"512\" src=\"https:\/\/zonglowanie-literami.pl\/wp-content\/uploads\/2025\/03\/signature_1378305.png\" alt=\"\" class=\"wp-image-2519\" style=\"width:46px;height:auto\" srcset=\"https:\/\/zonglowanie-literami.pl\/wp-content\/uploads\/2025\/03\/signature_1378305.png 512w, https:\/\/zonglowanie-literami.pl\/wp-content\/uploads\/2025\/03\/signature_1378305-300x300.png 300w, https:\/\/zonglowanie-literami.pl\/wp-content\/uploads\/2025\/03\/signature_1378305-150x150.png 150w, https:\/\/zonglowanie-literami.pl\/wp-content\/uploads\/2025\/03\/signature_1378305-230x230.png 230w, https:\/\/zonglowanie-literami.pl\/wp-content\/uploads\/2025\/03\/signature_1378305-350x350.png 350w, https:\/\/zonglowanie-literami.pl\/wp-content\/uploads\/2025\/03\/signature_1378305-480x480.png 480w\" sizes=\"auto, (max-width: 512px) 100vw, 512px\" \/><\/a><\/figure>\n\n\n\n<h2 class=\"wp-block-heading has-medium-font-size\"><strong>Zaawansowany<\/strong> <strong>kurs prostego j\u0119zyka (Pracownia Prostej Polszczyzny UWr)<\/strong><\/h2>\n\n\n\n<p>Zale\u017cy Ci na tym, aby Twoje instrukcje, komunikaty i inne trudne tre\u015bci by\u0142y zrozumia\u0142e nawet dla ucznia szko\u0142y podstawowej? To mo\u017cliwe! Po prostu oddaj je w moje r\u0119ce.<\/p>\n\n\n\n<p><a href=\"https:\/\/projektowanieux.pl\/umiejetnosci\/zaawansowany-kurs-prostego-jezyka-uwr\/\">Link do certyfikatu<\/a> konsultantki j\u0119zykowej, kt\u00f3ry potwierdza, \u017ce uko\u0144czy\u0142am zaawansowany kurs prostej polszczyzny.<\/p>\n\n\n\n<hr class=\"wp-block-separator has-alpha-channel-opacity is-style-wide\"\/>\n\n\n\n<p>Wyobra\u017a sobie, \u017ce masz czas na swoje ulubione zadania biznesowe, a tworzenie r\u00f3\u017cnorodnych tre\u015bci oddajesz w r\u0119ce kompetentnej osoby&#8230; Czujesz spok\u00f3j i spe\u0142niasz si\u0119 w swoich dzia\u0142aniach. Brzmi kusz\u0105co? Tak czuje si\u0119 wielu moich klient\u00f3w. Zapraszam do wsp\u00f3\u0142pracy! \ud83d\ude42<\/p>\n\n\n\n<p class=\"has-white-color has-text-color has-link-color wp-elements-7e4ac651328708ea719ac0894fa30934\">.<\/p>\n\n\n\n<div class=\"wp-block-buttons is-content-justification-center is-layout-flex wp-container-core-buttons-is-layout-16018d1d wp-block-buttons-is-layout-flex\">\n<div class=\"wp-block-button is-style-outline is-style-outline--1\"><a class=\"wp-block-button__link wp-element-button\" href=\"https:\/\/zonglowanie-literami.pl\/index.php\/kontakt\/\">Skontaktuj si\u0119 ze mn\u0105<\/a><\/div>\n<\/div>\n\n\n\n<p><\/p>\n","protected":false},"excerpt":{"rendered":"<p>Magdalena Szymku\u0107. Cz\u0142owiek od s\u0142owa (od 2011 r.) Witaj! Z tej strony Magda. Skoro trafi\u0142a\u015b lub trafi\u0142e\u015b na moj\u0105 stron\u0119, to najpewniej szukasz kogo\u015b, kto biegle w\u0142ada s\u0142owem. Dlatego zapraszam Ci\u0119 do wsp\u00f3\u0142pracy! Pracuj\u0119 ze s\u0142owem od 2011 roku. Zajmuj\u0119 si\u0119 copywritingiem, content writingiem, UX writingiem, prostym j\u0119zykiem i redakcj\u0105. &hellip;<\/p>\n","protected":false},"author":2,"featured_media":0,"parent":0,"menu_order":1,"comment_status":"closed","ping_status":"closed","template":"","meta":{"sfsi_plus_gutenberg_text_before_share":"","sfsi_plus_gutenberg_show_text_before_share":"","sfsi_plus_gutenberg_icon_type":"","sfsi_plus_gutenberg_icon_alignemt":"","sfsi_plus_gutenburg_max_per_row":"","_monsterinsights_skip_tracking":false,"_monsterinsights_sitenote_active":false,"_monsterinsights_sitenote_note":"","_monsterinsights_sitenote_category":0,"footnotes":""},"class_list":["post-2","page","type-page","status-publish","hentry"],"yoast_head":"<!-- This site is optimized with the Yoast SEO plugin v27.4 - https:\/\/yoast.com\/product\/yoast-seo-wordpress\/ -->\n<title>Copywriter, webwriter, content writer, redaktor. Pozna\u0144 i zdalnie<\/title>\n<meta name=\"description\" content=\"Copywriter, content writer, UX writer, redaktor z wykszta\u0142ceniem kierunkowym i gronem sta\u0142ych, zadowolonych Klient\u00f3w. Pracuj\u0119 od 2011 roku.\" \/>\n<meta name=\"robots\" content=\"index, follow, max-snippet:-1, max-image-preview:large, max-video-preview:-1\" \/>\n<link rel=\"canonical\" href=\"https:\/\/zonglowanie-literami.pl\/\" \/>\n<meta property=\"og:locale\" content=\"pl_PL\" \/>\n<meta property=\"og:type\" content=\"article\" \/>\n<meta property=\"og:title\" content=\"Copywriter, webwriter, content writer, redaktor. Pozna\u0144 i zdalnie\" \/>\n<meta property=\"og:description\" content=\"Copywriter, content writer, UX writer, redaktor z wykszta\u0142ceniem kierunkowym i gronem sta\u0142ych, zadowolonych Klient\u00f3w. Pracuj\u0119 od 2011 roku.\" \/>\n<meta property=\"og:url\" content=\"https:\/\/zonglowanie-literami.pl\/\" \/>\n<meta property=\"og:site_name\" content=\"\u017bonglowanie literami\" \/>\n<meta property=\"article:modified_time\" content=\"2025-10-27T13:33:43+00:00\" \/>\n<meta property=\"og:image\" content=\"https:\/\/zonglowanie-literami.pl\/wp-content\/uploads\/2025\/03\/education_3976555.png\" \/>\n<meta name=\"twitter:card\" content=\"summary_large_image\" \/>\n<meta name=\"twitter:label1\" content=\"Szacowany czas czytania\" \/>\n\t<meta name=\"twitter:data1\" content=\"5 minut\" \/>\n<script type=\"application\/ld+json\" class=\"yoast-schema-graph\">{\"@context\":\"https:\\\/\\\/schema.org\",\"@graph\":[{\"@type\":\"WebPage\",\"@id\":\"https:\\\/\\\/zonglowanie-literami.pl\\\/\",\"url\":\"https:\\\/\\\/zonglowanie-literami.pl\\\/\",\"name\":\"Copywriter, webwriter, content writer, redaktor. Pozna\u0144 i zdalnie\",\"isPartOf\":{\"@id\":\"https:\\\/\\\/zonglowanie-literami.pl\\\/#website\"},\"primaryImageOfPage\":{\"@id\":\"https:\\\/\\\/zonglowanie-literami.pl\\\/#primaryimage\"},\"image\":{\"@id\":\"https:\\\/\\\/zonglowanie-literami.pl\\\/#primaryimage\"},\"thumbnailUrl\":\"https:\\\/\\\/zonglowanie-literami.pl\\\/wp-content\\\/uploads\\\/2025\\\/03\\\/education_3976555.png\",\"datePublished\":\"2012-11-17T18:29:47+00:00\",\"dateModified\":\"2025-10-27T13:33:43+00:00\",\"description\":\"Copywriter, content writer, UX writer, redaktor z wykszta\u0142ceniem kierunkowym i gronem sta\u0142ych, zadowolonych Klient\u00f3w. Pracuj\u0119 od 2011 roku.\",\"breadcrumb\":{\"@id\":\"https:\\\/\\\/zonglowanie-literami.pl\\\/#breadcrumb\"},\"inLanguage\":\"pl-PL\",\"potentialAction\":[{\"@type\":\"ReadAction\",\"target\":[\"https:\\\/\\\/zonglowanie-literami.pl\\\/\"]}]},{\"@type\":\"ImageObject\",\"inLanguage\":\"pl-PL\",\"@id\":\"https:\\\/\\\/zonglowanie-literami.pl\\\/#primaryimage\",\"url\":\"https:\\\/\\\/zonglowanie-literami.pl\\\/wp-content\\\/uploads\\\/2025\\\/03\\\/education_3976555.png\",\"contentUrl\":\"https:\\\/\\\/zonglowanie-literami.pl\\\/wp-content\\\/uploads\\\/2025\\\/03\\\/education_3976555.png\"},{\"@type\":\"BreadcrumbList\",\"@id\":\"https:\\\/\\\/zonglowanie-literami.pl\\\/#breadcrumb\",\"itemListElement\":[{\"@type\":\"ListItem\",\"position\":1,\"name\":\"Strona g\u0142\u00f3wna\",\"item\":\"https:\\\/\\\/zonglowanie-literami.pl\\\/\"},{\"@type\":\"ListItem\",\"position\":2,\"name\":\"O mnie\"}]},{\"@type\":\"WebSite\",\"@id\":\"https:\\\/\\\/zonglowanie-literami.pl\\\/#website\",\"url\":\"https:\\\/\\\/zonglowanie-literami.pl\\\/\",\"name\":\"\u017bonglowanie literami\",\"description\":\"\",\"publisher\":{\"@id\":\"https:\\\/\\\/zonglowanie-literami.pl\\\/#\\\/schema\\\/person\\\/b19bffb12a423ad6edf50acbab734ec0\"},\"potentialAction\":[{\"@type\":\"SearchAction\",\"target\":{\"@type\":\"EntryPoint\",\"urlTemplate\":\"https:\\\/\\\/zonglowanie-literami.pl\\\/?s={search_term_string}\"},\"query-input\":{\"@type\":\"PropertyValueSpecification\",\"valueRequired\":true,\"valueName\":\"search_term_string\"}}],\"inLanguage\":\"pl-PL\"},{\"@type\":[\"Person\",\"Organization\"],\"@id\":\"https:\\\/\\\/zonglowanie-literami.pl\\\/#\\\/schema\\\/person\\\/b19bffb12a423ad6edf50acbab734ec0\",\"name\":\"admin\",\"image\":{\"@type\":\"ImageObject\",\"inLanguage\":\"pl-PL\",\"@id\":\"http:\\\/\\\/zonglowanie-literami.pl\\\/wp-content\\\/uploads\\\/2025\\\/03\\\/icons8-create-100.png\",\"url\":\"http:\\\/\\\/zonglowanie-literami.pl\\\/wp-content\\\/uploads\\\/2025\\\/03\\\/icons8-create-100.png\",\"contentUrl\":\"http:\\\/\\\/zonglowanie-literami.pl\\\/wp-content\\\/uploads\\\/2025\\\/03\\\/icons8-create-100.png\",\"width\":100,\"height\":100,\"caption\":\"admin\"},\"logo\":{\"@id\":\"http:\\\/\\\/zonglowanie-literami.pl\\\/wp-content\\\/uploads\\\/2025\\\/03\\\/icons8-create-100.png\"}}]}<\/script>\n<!-- \/ Yoast SEO plugin. -->","yoast_head_json":{"title":"Copywriter, webwriter, content writer, redaktor. Pozna\u0144 i zdalnie","description":"Copywriter, content writer, UX writer, redaktor z wykszta\u0142ceniem kierunkowym i gronem sta\u0142ych, zadowolonych Klient\u00f3w. Pracuj\u0119 od 2011 roku.","robots":{"index":"index","follow":"follow","max-snippet":"max-snippet:-1","max-image-preview":"max-image-preview:large","max-video-preview":"max-video-preview:-1"},"canonical":"https:\/\/zonglowanie-literami.pl\/","og_locale":"pl_PL","og_type":"article","og_title":"Copywriter, webwriter, content writer, redaktor. Pozna\u0144 i zdalnie","og_description":"Copywriter, content writer, UX writer, redaktor z wykszta\u0142ceniem kierunkowym i gronem sta\u0142ych, zadowolonych Klient\u00f3w. Pracuj\u0119 od 2011 roku.","og_url":"https:\/\/zonglowanie-literami.pl\/","og_site_name":"\u017bonglowanie literami","article_modified_time":"2025-10-27T13:33:43+00:00","og_image":[{"url":"https:\/\/zonglowanie-literami.pl\/wp-content\/uploads\/2025\/03\/education_3976555.png","type":"","width":"","height":""}],"twitter_card":"summary_large_image","twitter_misc":{"Szacowany czas czytania":"5 minut"},"schema":{"@context":"https:\/\/schema.org","@graph":[{"@type":"WebPage","@id":"https:\/\/zonglowanie-literami.pl\/","url":"https:\/\/zonglowanie-literami.pl\/","name":"Copywriter, webwriter, content writer, redaktor. Pozna\u0144 i zdalnie","isPartOf":{"@id":"https:\/\/zonglowanie-literami.pl\/#website"},"primaryImageOfPage":{"@id":"https:\/\/zonglowanie-literami.pl\/#primaryimage"},"image":{"@id":"https:\/\/zonglowanie-literami.pl\/#primaryimage"},"thumbnailUrl":"https:\/\/zonglowanie-literami.pl\/wp-content\/uploads\/2025\/03\/education_3976555.png","datePublished":"2012-11-17T18:29:47+00:00","dateModified":"2025-10-27T13:33:43+00:00","description":"Copywriter, content writer, UX writer, redaktor z wykszta\u0142ceniem kierunkowym i gronem sta\u0142ych, zadowolonych Klient\u00f3w. Pracuj\u0119 od 2011 roku.","breadcrumb":{"@id":"https:\/\/zonglowanie-literami.pl\/#breadcrumb"},"inLanguage":"pl-PL","potentialAction":[{"@type":"ReadAction","target":["https:\/\/zonglowanie-literami.pl\/"]}]},{"@type":"ImageObject","inLanguage":"pl-PL","@id":"https:\/\/zonglowanie-literami.pl\/#primaryimage","url":"https:\/\/zonglowanie-literami.pl\/wp-content\/uploads\/2025\/03\/education_3976555.png","contentUrl":"https:\/\/zonglowanie-literami.pl\/wp-content\/uploads\/2025\/03\/education_3976555.png"},{"@type":"BreadcrumbList","@id":"https:\/\/zonglowanie-literami.pl\/#breadcrumb","itemListElement":[{"@type":"ListItem","position":1,"name":"Strona g\u0142\u00f3wna","item":"https:\/\/zonglowanie-literami.pl\/"},{"@type":"ListItem","position":2,"name":"O mnie"}]},{"@type":"WebSite","@id":"https:\/\/zonglowanie-literami.pl\/#website","url":"https:\/\/zonglowanie-literami.pl\/","name":"\u017bonglowanie literami","description":"","publisher":{"@id":"https:\/\/zonglowanie-literami.pl\/#\/schema\/person\/b19bffb12a423ad6edf50acbab734ec0"},"potentialAction":[{"@type":"SearchAction","target":{"@type":"EntryPoint","urlTemplate":"https:\/\/zonglowanie-literami.pl\/?s={search_term_string}"},"query-input":{"@type":"PropertyValueSpecification","valueRequired":true,"valueName":"search_term_string"}}],"inLanguage":"pl-PL"},{"@type":["Person","Organization"],"@id":"https:\/\/zonglowanie-literami.pl\/#\/schema\/person\/b19bffb12a423ad6edf50acbab734ec0","name":"admin","image":{"@type":"ImageObject","inLanguage":"pl-PL","@id":"http:\/\/zonglowanie-literami.pl\/wp-content\/uploads\/2025\/03\/icons8-create-100.png","url":"http:\/\/zonglowanie-literami.pl\/wp-content\/uploads\/2025\/03\/icons8-create-100.png","contentUrl":"http:\/\/zonglowanie-literami.pl\/wp-content\/uploads\/2025\/03\/icons8-create-100.png","width":100,"height":100,"caption":"admin"},"logo":{"@id":"http:\/\/zonglowanie-literami.pl\/wp-content\/uploads\/2025\/03\/icons8-create-100.png"}}]}},"_links":{"self":[{"href":"https:\/\/zonglowanie-literami.pl\/index.php\/wp-json\/wp\/v2\/pages\/2","targetHints":{"allow":["GET"]}}],"collection":[{"href":"https:\/\/zonglowanie-literami.pl\/index.php\/wp-json\/wp\/v2\/pages"}],"about":[{"href":"https:\/\/zonglowanie-literami.pl\/index.php\/wp-json\/wp\/v2\/types\/page"}],"author":[{"embeddable":true,"href":"https:\/\/zonglowanie-literami.pl\/index.php\/wp-json\/wp\/v2\/users\/2"}],"replies":[{"embeddable":true,"href":"https:\/\/zonglowanie-literami.pl\/index.php\/wp-json\/wp\/v2\/comments?post=2"}],"version-history":[{"count":165,"href":"https:\/\/zonglowanie-literami.pl\/index.php\/wp-json\/wp\/v2\/pages\/2\/revisions"}],"predecessor-version":[{"id":3057,"href":"https:\/\/zonglowanie-literami.pl\/index.php\/wp-json\/wp\/v2\/pages\/2\/revisions\/3057"}],"wp:attachment":[{"href":"https:\/\/zonglowanie-literami.pl\/index.php\/wp-json\/wp\/v2\/media?parent=2"}],"curies":[{"name":"wp","href":"https:\/\/api.w.org\/{rel}","templated":true}]}}