{"id":25,"date":"2012-11-25T23:34:02","date_gmt":"2012-11-25T22:34:02","guid":{"rendered":"http:\/\/zonglowanie-literami.pl\/?page_id=25"},"modified":"2026-01-09T15:39:00","modified_gmt":"2026-01-09T14:39:00","slug":"kontakt","status":"publish","type":"page","link":"https:\/\/zonglowanie-literami.pl\/index.php\/kontakt\/","title":{"rendered":"Kontakt"},"content":{"rendered":"\n<hr class=\"wp-block-separator has-alpha-channel-opacity is-style-wide\"\/>\n\n\n\n<h2 class=\"wp-block-heading has-text-align-left\" style=\"font-size:18px\"><strong>Zapraszam do kontaktu<\/strong> \ud83d\ude42<\/h2>\n\n\n\n<hr class=\"wp-block-separator has-alpha-channel-opacity is-style-wide\"\/>\n\n\n\n<figure class=\"wp-block-image size-full is-resized\"><a href=\"https:\/\/zonglowanie-literami.pl\/wp-content\/uploads\/2025\/03\/ikona-email.png\"><img loading=\"lazy\" decoding=\"async\" width=\"512\" height=\"512\" src=\"https:\/\/zonglowanie-literami.pl\/wp-content\/uploads\/2025\/03\/ikona-email.png\" alt=\"\" class=\"wp-image-2604\" style=\"width:53px;height:auto\" srcset=\"https:\/\/zonglowanie-literami.pl\/wp-content\/uploads\/2025\/03\/ikona-email.png 512w, https:\/\/zonglowanie-literami.pl\/wp-content\/uploads\/2025\/03\/ikona-email-300x300.png 300w, https:\/\/zonglowanie-literami.pl\/wp-content\/uploads\/2025\/03\/ikona-email-150x150.png 150w, https:\/\/zonglowanie-literami.pl\/wp-content\/uploads\/2025\/03\/ikona-email-230x230.png 230w, https:\/\/zonglowanie-literami.pl\/wp-content\/uploads\/2025\/03\/ikona-email-350x350.png 350w, https:\/\/zonglowanie-literami.pl\/wp-content\/uploads\/2025\/03\/ikona-email-480x480.png 480w\" sizes=\"auto, (max-width: 512px) 100vw, 512px\" \/><\/a><\/figure>\n\n\n\n<p class=\"has-text-align-left\" style=\"font-size:18px\">magda@zonglowanie-literami.pl<\/p>\n\n\n\n<hr class=\"wp-block-separator has-alpha-channel-opacity is-style-wide\"\/>\n\n\n\n<figure class=\"wp-block-image size-full is-resized\"><a href=\"https:\/\/zonglowanie-literami.pl\/wp-content\/uploads\/2025\/03\/linkedin_408805.png\"><img loading=\"lazy\" decoding=\"async\" width=\"512\" height=\"512\" src=\"https:\/\/zonglowanie-literami.pl\/wp-content\/uploads\/2025\/03\/linkedin_408805.png\" alt=\"\" class=\"wp-image-2615\" style=\"width:51px;height:auto\" srcset=\"https:\/\/zonglowanie-literami.pl\/wp-content\/uploads\/2025\/03\/linkedin_408805.png 512w, https:\/\/zonglowanie-literami.pl\/wp-content\/uploads\/2025\/03\/linkedin_408805-300x300.png 300w, https:\/\/zonglowanie-literami.pl\/wp-content\/uploads\/2025\/03\/linkedin_408805-150x150.png 150w, https:\/\/zonglowanie-literami.pl\/wp-content\/uploads\/2025\/03\/linkedin_408805-230x230.png 230w, https:\/\/zonglowanie-literami.pl\/wp-content\/uploads\/2025\/03\/linkedin_408805-350x350.png 350w, https:\/\/zonglowanie-literami.pl\/wp-content\/uploads\/2025\/03\/linkedin_408805-480x480.png 480w\" sizes=\"auto, (max-width: 512px) 100vw, 512px\" \/><\/a><\/figure>\n\n\n\n<p class=\"has-black-color has-text-color has-link-color wp-elements-15f2e2d1c50b4f1f1fa95cfedb33206f\" style=\"font-size:18px\"><a href=\"https:\/\/www.linkedin.com\/in\/magdalena-szymkuc\">www.linkedin.com\/in\/magdalena-szymkuc<\/a><\/p>\n\n\n\n<hr class=\"wp-block-separator has-alpha-channel-opacity is-style-wide\"\/>\n\n\n\n<p><\/p>\n","protected":false},"excerpt":{"rendered":"<p>Zapraszam do kontaktu \ud83d\ude42 magda@zonglowanie-literami.pl www.linkedin.com\/in\/magdalena-szymkuc<\/p>\n","protected":false},"author":2,"featured_media":0,"parent":0,"menu_order":9,"comment_status":"closed","ping_status":"closed","template":"","meta":{"sfsi_plus_gutenberg_text_before_share":"","sfsi_plus_gutenberg_show_text_before_share":"","sfsi_plus_gutenberg_icon_type":"","sfsi_plus_gutenberg_icon_alignemt":"","sfsi_plus_gutenburg_max_per_row":"","_monsterinsights_skip_tracking":false,"_monsterinsights_sitenote_active":false,"_monsterinsights_sitenote_note":"","_monsterinsights_sitenote_category":0,"footnotes":""},"class_list":["post-25","page","type-page","status-publish","hentry"],"yoast_head":"<!-- This site is optimized with the Yoast SEO plugin v27.4 - https:\/\/yoast.com\/product\/yoast-seo-wordpress\/ -->\n<title>Copywriter, content writer. Wsp\u00f3lnie ustalmy zasady wsp\u00f3\u0142pracy!<\/title>\n<meta name=\"description\" content=\"Copywriter, content writer zaprasza do kontaktu. 5 lat do\u015bwiadczenia + wykszta\u0142cenie kierunkowe + tysi\u0105ce napisanych tekst\u00f3w = najlepsze artyku\u0142y\" \/>\n<meta name=\"robots\" content=\"index, follow, max-snippet:-1, max-image-preview:large, max-video-preview:-1\" \/>\n<link rel=\"canonical\" href=\"https:\/\/zonglowanie-literami.pl\/index.php\/kontakt\/\" \/>\n<meta property=\"og:locale\" content=\"pl_PL\" \/>\n<meta property=\"og:type\" content=\"article\" \/>\n<meta property=\"og:title\" content=\"Copywriter, content writer. Wsp\u00f3lnie ustalmy zasady wsp\u00f3\u0142pracy!\" \/>\n<meta property=\"og:description\" content=\"Copywriter, content writer zaprasza do kontaktu. 5 lat do\u015bwiadczenia + wykszta\u0142cenie kierunkowe + tysi\u0105ce napisanych tekst\u00f3w = najlepsze artyku\u0142y\" \/>\n<meta property=\"og:url\" content=\"https:\/\/zonglowanie-literami.pl\/index.php\/kontakt\/\" \/>\n<meta property=\"og:site_name\" content=\"\u017bonglowanie literami\" \/>\n<meta property=\"article:modified_time\" content=\"2026-01-09T14:39:00+00:00\" \/>\n<meta property=\"og:image\" content=\"https:\/\/zonglowanie-literami.pl\/wp-content\/uploads\/2025\/03\/ikona-email.png\" \/>\n<meta name=\"twitter:card\" content=\"summary_large_image\" \/>\n<meta name=\"twitter:label1\" content=\"Szacowany czas czytania\" \/>\n\t<meta name=\"twitter:data1\" content=\"1 minuta\" \/>\n<script type=\"application\/ld+json\" class=\"yoast-schema-graph\">{\"@context\":\"https:\\\/\\\/schema.org\",\"@graph\":[{\"@type\":\"WebPage\",\"@id\":\"https:\\\/\\\/zonglowanie-literami.pl\\\/index.php\\\/kontakt\\\/\",\"url\":\"https:\\\/\\\/zonglowanie-literami.pl\\\/index.php\\\/kontakt\\\/\",\"name\":\"Copywriter, content writer. Wsp\u00f3lnie ustalmy zasady wsp\u00f3\u0142pracy!\",\"isPartOf\":{\"@id\":\"https:\\\/\\\/zonglowanie-literami.pl\\\/#website\"},\"primaryImageOfPage\":{\"@id\":\"https:\\\/\\\/zonglowanie-literami.pl\\\/index.php\\\/kontakt\\\/#primaryimage\"},\"image\":{\"@id\":\"https:\\\/\\\/zonglowanie-literami.pl\\\/index.php\\\/kontakt\\\/#primaryimage\"},\"thumbnailUrl\":\"https:\\\/\\\/zonglowanie-literami.pl\\\/wp-content\\\/uploads\\\/2025\\\/03\\\/ikona-email.png\",\"datePublished\":\"2012-11-25T22:34:02+00:00\",\"dateModified\":\"2026-01-09T14:39:00+00:00\",\"description\":\"Copywriter, content writer zaprasza do kontaktu. 5 lat do\u015bwiadczenia + wykszta\u0142cenie kierunkowe + tysi\u0105ce napisanych tekst\u00f3w = najlepsze artyku\u0142y\",\"breadcrumb\":{\"@id\":\"https:\\\/\\\/zonglowanie-literami.pl\\\/index.php\\\/kontakt\\\/#breadcrumb\"},\"inLanguage\":\"pl-PL\",\"potentialAction\":[{\"@type\":\"ReadAction\",\"target\":[\"https:\\\/\\\/zonglowanie-literami.pl\\\/index.php\\\/kontakt\\\/\"]}]},{\"@type\":\"ImageObject\",\"inLanguage\":\"pl-PL\",\"@id\":\"https:\\\/\\\/zonglowanie-literami.pl\\\/index.php\\\/kontakt\\\/#primaryimage\",\"url\":\"https:\\\/\\\/zonglowanie-literami.pl\\\/wp-content\\\/uploads\\\/2025\\\/03\\\/ikona-email.png\",\"contentUrl\":\"https:\\\/\\\/zonglowanie-literami.pl\\\/wp-content\\\/uploads\\\/2025\\\/03\\\/ikona-email.png\"},{\"@type\":\"BreadcrumbList\",\"@id\":\"https:\\\/\\\/zonglowanie-literami.pl\\\/index.php\\\/kontakt\\\/#breadcrumb\",\"itemListElement\":[{\"@type\":\"ListItem\",\"position\":1,\"name\":\"Strona g\u0142\u00f3wna\",\"item\":\"https:\\\/\\\/zonglowanie-literami.pl\\\/\"},{\"@type\":\"ListItem\",\"position\":2,\"name\":\"Kontakt\"}]},{\"@type\":\"WebSite\",\"@id\":\"https:\\\/\\\/zonglowanie-literami.pl\\\/#website\",\"url\":\"https:\\\/\\\/zonglowanie-literami.pl\\\/\",\"name\":\"\u017bonglowanie literami\",\"description\":\"\",\"publisher\":{\"@id\":\"https:\\\/\\\/zonglowanie-literami.pl\\\/#\\\/schema\\\/person\\\/b19bffb12a423ad6edf50acbab734ec0\"},\"potentialAction\":[{\"@type\":\"SearchAction\",\"target\":{\"@type\":\"EntryPoint\",\"urlTemplate\":\"https:\\\/\\\/zonglowanie-literami.pl\\\/?s={search_term_string}\"},\"query-input\":{\"@type\":\"PropertyValueSpecification\",\"valueRequired\":true,\"valueName\":\"search_term_string\"}}],\"inLanguage\":\"pl-PL\"},{\"@type\":[\"Person\",\"Organization\"],\"@id\":\"https:\\\/\\\/zonglowanie-literami.pl\\\/#\\\/schema\\\/person\\\/b19bffb12a423ad6edf50acbab734ec0\",\"name\":\"admin\",\"image\":{\"@type\":\"ImageObject\",\"inLanguage\":\"pl-PL\",\"@id\":\"http:\\\/\\\/zonglowanie-literami.pl\\\/wp-content\\\/uploads\\\/2025\\\/03\\\/icons8-create-100.png\",\"url\":\"http:\\\/\\\/zonglowanie-literami.pl\\\/wp-content\\\/uploads\\\/2025\\\/03\\\/icons8-create-100.png\",\"contentUrl\":\"http:\\\/\\\/zonglowanie-literami.pl\\\/wp-content\\\/uploads\\\/2025\\\/03\\\/icons8-create-100.png\",\"width\":100,\"height\":100,\"caption\":\"admin\"},\"logo\":{\"@id\":\"http:\\\/\\\/zonglowanie-literami.pl\\\/wp-content\\\/uploads\\\/2025\\\/03\\\/icons8-create-100.png\"}}]}<\/script>\n<!-- \/ Yoast SEO plugin. -->","yoast_head_json":{"title":"Copywriter, content writer. Wsp\u00f3lnie ustalmy zasady wsp\u00f3\u0142pracy!","description":"Copywriter, content writer zaprasza do kontaktu. 5 lat do\u015bwiadczenia + wykszta\u0142cenie kierunkowe + tysi\u0105ce napisanych tekst\u00f3w = najlepsze artyku\u0142y","robots":{"index":"index","follow":"follow","max-snippet":"max-snippet:-1","max-image-preview":"max-image-preview:large","max-video-preview":"max-video-preview:-1"},"canonical":"https:\/\/zonglowanie-literami.pl\/index.php\/kontakt\/","og_locale":"pl_PL","og_type":"article","og_title":"Copywriter, content writer. Wsp\u00f3lnie ustalmy zasady wsp\u00f3\u0142pracy!","og_description":"Copywriter, content writer zaprasza do kontaktu. 5 lat do\u015bwiadczenia + wykszta\u0142cenie kierunkowe + tysi\u0105ce napisanych tekst\u00f3w = najlepsze artyku\u0142y","og_url":"https:\/\/zonglowanie-literami.pl\/index.php\/kontakt\/","og_site_name":"\u017bonglowanie literami","article_modified_time":"2026-01-09T14:39:00+00:00","og_image":[{"url":"https:\/\/zonglowanie-literami.pl\/wp-content\/uploads\/2025\/03\/ikona-email.png","type":"","width":"","height":""}],"twitter_card":"summary_large_image","twitter_misc":{"Szacowany czas czytania":"1 minuta"},"schema":{"@context":"https:\/\/schema.org","@graph":[{"@type":"WebPage","@id":"https:\/\/zonglowanie-literami.pl\/index.php\/kontakt\/","url":"https:\/\/zonglowanie-literami.pl\/index.php\/kontakt\/","name":"Copywriter, content writer. Wsp\u00f3lnie ustalmy zasady wsp\u00f3\u0142pracy!","isPartOf":{"@id":"https:\/\/zonglowanie-literami.pl\/#website"},"primaryImageOfPage":{"@id":"https:\/\/zonglowanie-literami.pl\/index.php\/kontakt\/#primaryimage"},"image":{"@id":"https:\/\/zonglowanie-literami.pl\/index.php\/kontakt\/#primaryimage"},"thumbnailUrl":"https:\/\/zonglowanie-literami.pl\/wp-content\/uploads\/2025\/03\/ikona-email.png","datePublished":"2012-11-25T22:34:02+00:00","dateModified":"2026-01-09T14:39:00+00:00","description":"Copywriter, content writer zaprasza do kontaktu. 5 lat do\u015bwiadczenia + wykszta\u0142cenie kierunkowe + tysi\u0105ce napisanych tekst\u00f3w = najlepsze artyku\u0142y","breadcrumb":{"@id":"https:\/\/zonglowanie-literami.pl\/index.php\/kontakt\/#breadcrumb"},"inLanguage":"pl-PL","potentialAction":[{"@type":"ReadAction","target":["https:\/\/zonglowanie-literami.pl\/index.php\/kontakt\/"]}]},{"@type":"ImageObject","inLanguage":"pl-PL","@id":"https:\/\/zonglowanie-literami.pl\/index.php\/kontakt\/#primaryimage","url":"https:\/\/zonglowanie-literami.pl\/wp-content\/uploads\/2025\/03\/ikona-email.png","contentUrl":"https:\/\/zonglowanie-literami.pl\/wp-content\/uploads\/2025\/03\/ikona-email.png"},{"@type":"BreadcrumbList","@id":"https:\/\/zonglowanie-literami.pl\/index.php\/kontakt\/#breadcrumb","itemListElement":[{"@type":"ListItem","position":1,"name":"Strona g\u0142\u00f3wna","item":"https:\/\/zonglowanie-literami.pl\/"},{"@type":"ListItem","position":2,"name":"Kontakt"}]},{"@type":"WebSite","@id":"https:\/\/zonglowanie-literami.pl\/#website","url":"https:\/\/zonglowanie-literami.pl\/","name":"\u017bonglowanie literami","description":"","publisher":{"@id":"https:\/\/zonglowanie-literami.pl\/#\/schema\/person\/b19bffb12a423ad6edf50acbab734ec0"},"potentialAction":[{"@type":"SearchAction","target":{"@type":"EntryPoint","urlTemplate":"https:\/\/zonglowanie-literami.pl\/?s={search_term_string}"},"query-input":{"@type":"PropertyValueSpecification","valueRequired":true,"valueName":"search_term_string"}}],"inLanguage":"pl-PL"},{"@type":["Person","Organization"],"@id":"https:\/\/zonglowanie-literami.pl\/#\/schema\/person\/b19bffb12a423ad6edf50acbab734ec0","name":"admin","image":{"@type":"ImageObject","inLanguage":"pl-PL","@id":"http:\/\/zonglowanie-literami.pl\/wp-content\/uploads\/2025\/03\/icons8-create-100.png","url":"http:\/\/zonglowanie-literami.pl\/wp-content\/uploads\/2025\/03\/icons8-create-100.png","contentUrl":"http:\/\/zonglowanie-literami.pl\/wp-content\/uploads\/2025\/03\/icons8-create-100.png","width":100,"height":100,"caption":"admin"},"logo":{"@id":"http:\/\/zonglowanie-literami.pl\/wp-content\/uploads\/2025\/03\/icons8-create-100.png"}}]}},"_links":{"self":[{"href":"https:\/\/zonglowanie-literami.pl\/index.php\/wp-json\/wp\/v2\/pages\/25","targetHints":{"allow":["GET"]}}],"collection":[{"href":"https:\/\/zonglowanie-literami.pl\/index.php\/wp-json\/wp\/v2\/pages"}],"about":[{"href":"https:\/\/zonglowanie-literami.pl\/index.php\/wp-json\/wp\/v2\/types\/page"}],"author":[{"embeddable":true,"href":"https:\/\/zonglowanie-literami.pl\/index.php\/wp-json\/wp\/v2\/users\/2"}],"replies":[{"embeddable":true,"href":"https:\/\/zonglowanie-literami.pl\/index.php\/wp-json\/wp\/v2\/comments?post=25"}],"version-history":[{"count":70,"href":"https:\/\/zonglowanie-literami.pl\/index.php\/wp-json\/wp\/v2\/pages\/25\/revisions"}],"predecessor-version":[{"id":3094,"href":"https:\/\/zonglowanie-literami.pl\/index.php\/wp-json\/wp\/v2\/pages\/25\/revisions\/3094"}],"wp:attachment":[{"href":"https:\/\/zonglowanie-literami.pl\/index.php\/wp-json\/wp\/v2\/media?parent=25"}],"curies":[{"name":"wp","href":"https:\/\/api.w.org\/{rel}","templated":true}]}}