{"id":464,"date":"2013-08-07T22:14:00","date_gmt":"2013-08-07T20:14:00","guid":{"rendered":"http:\/\/zonglowanie-literami.pl\/?page_id=464"},"modified":"2026-02-02T09:56:10","modified_gmt":"2026-02-02T08:56:10","slug":"portfolio","status":"publish","type":"page","link":"https:\/\/zonglowanie-literami.pl\/index.php\/portfolio\/","title":{"rendered":"Portfolio"},"content":{"rendered":"\n<hr class=\"wp-block-separator has-alpha-channel-opacity\"\/>\n\n\n\n<p class=\"has-black-color has-text-color has-link-color wp-elements-fb138ca51d73d38038be5493682fde08\">Chcesz zobaczy\u0107 portfolio moich tekst\u00f3w dla konkretnej bran\u017cy? Zapraszam do <a href=\"https:\/\/zonglowanie-literami.pl\/index.php\/kontakt\/\" target=\"_blank\" rel=\"noreferrer noopener\">kontaktu<\/a>.<\/p>\n\n\n\n<hr class=\"wp-block-separator has-alpha-channel-opacity is-style-wide\"\/>\n\n\n\n<h2 class=\"wp-block-heading has-medium-font-size\"><strong>WhitePress Sp. z o.o. (wpisy na firmowy blog):<\/strong><\/h2>\n\n\n\n<ol class=\"wp-block-list\">\n<li class=\"has-black-color has-text-color has-link-color wp-elements-9a5cdb716653b30d09084035c797de9d\"><a href=\"https:\/\/www.whitepress.com\/pl\/baza-wiedzy\/241\/facebook-jak-zalozyc-fan-page-na-facebooku-dla-swojego-bloga\" data-type=\"link\" data-id=\"https:\/\/www.whitepress.com\/pl\/baza-wiedzy\/241\/facebook-jak-zalozyc-fan-page-na-facebooku-dla-swojego-bloga\">Co to&nbsp;jest fanpage? Jak za\u0142o\u017cy\u0107 fanpage na&nbsp;Facebooku?<\/a><\/li>\n\n\n\n<li class=\"has-black-color has-text-color has-link-color wp-elements-ea3d68074cef2a228b32bddd00a62180\"><a href=\"https:\/\/www.whitepress.com\/pl\/baza-wiedzy\/732\/pinterest-co-to-jest-i-jak-dziala\" data-type=\"link\" data-id=\"https:\/\/www.whitepress.com\/pl\/baza-wiedzy\/732\/pinterest-co-to-jest-i-jak-dziala\">Pinterest &#8211;&nbsp;co to&nbsp;jest i&nbsp;jak dzia\u0142a?<\/a><\/li>\n\n\n\n<li class=\"has-black-color has-text-color has-link-color wp-elements-ed8d5398db2d2b0a188e1430652541aa\"><a href=\"https:\/\/www.whitepress.com\/pl\/baza-wiedzy\/102\/dlaczego-warto-poslugiwac-sie-infografika\" data-type=\"link\" data-id=\"https:\/\/www.whitepress.com\/pl\/baza-wiedzy\/102\/dlaczego-warto-poslugiwac-sie-infografika\">Infografika &#8211;&nbsp;co to&nbsp;jest i&nbsp;jak j\u0105 wykona\u0107 samemu<\/a><\/li>\n<\/ol>\n\n\n\n<hr class=\"wp-block-separator has-alpha-channel-opacity is-style-wide\"\/>\n\n\n\n<h2 class=\"wp-block-heading MsoNormal has-medium-font-size\"><strong>Artyku\u0142y przygotowane dla Ceneo (artyku\u0142y tematyczne, poradniki, przegl\u0105dy produkt\u00f3w)<\/strong>*:<\/h2>\n\n\n\n<ol class=\"wp-block-list\">\n<li class=\"has-black-color has-text-color has-link-color wp-elements-e8be21c29d8e010bd164079e6b99b69f\"><a href=\"https:\/\/swiat-rodzicow.pl\/pieczemy-z-dziecmi-swiateczne-ciasteczka\" target=\"_blank\" rel=\"noreferrer noopener nofollow\">Przepis na ciasteczka \u015bwi\u0105teczne dla dzieci<\/a><\/li>\n\n\n\n<li class=\"has-black-color has-text-color has-link-color wp-elements-541b79684e2232c2bc34c099b085fc2d\"><a href=\"https:\/\/magazyn.ceneo.pl\/artykuly\/jaki-mozdzierz-wybrac\" data-type=\"link\" data-id=\"https:\/\/magazyn.ceneo.pl\/artykuly\/jaki-mozdzierz-wybrac\">Jaki mo\u017adzierz wybra\u0107?<\/a><\/li>\n\n\n\n<li class=\"has-black-color has-text-color has-link-color wp-elements-efd77e89b3864cad26f602f6ffba57ac\"><a href=\"https:\/\/magazyn.ceneo.pl\/artykuly\/wspolny-prezent-dla-dziadkow\" data-type=\"link\" data-id=\"https:\/\/magazyn.ceneo.pl\/artykuly\/wspolny-prezent-dla-dziadkow\">Wsp\u00f3lny prezent dla dziadk\u00f3w \u2013 jaki wsp\u00f3lny prezent dla dziadk\u00f3w wybra\u0107?<\/a><\/li>\n\n\n\n<li class=\"has-black-color has-text-color has-link-color wp-elements-140a1ab9ccebbec2312c580faf45a70d\"><a data-type=\"link\" data-id=\"https:\/\/jego-styl.pl\/kolacja-na-walentynki\" href=\"https:\/\/jego-styl.pl\/kolacja-na-walentynki\">Kolacja na walentynki \u2013 jak zorganizowa\u0107 kolacj\u0119 na walentynki?<\/a><\/li>\n\n\n\n<li class=\"has-black-color has-text-color has-link-color wp-elements-5e9642d8eec45d9ba10a4c69216b32f5\"><a data-type=\"link\" data-id=\"https:\/\/dzidziusiowo.pl\/dziecko\/produkty-dla-dzieci\/prezent-dla-starszego-brata-od-noworodka\" href=\"https:\/\/dzidziusiowo.pl\/dziecko\/produkty-dla-dzieci\/prezent-dla-starszego-brata-od-noworodka\">Jaki prezent dla starszego brata od noworodka?<\/a><\/li>\n\n\n\n<li class=\"has-black-color has-text-color has-link-color wp-elements-966acdd16ca22fb60e5f7c26c2ee633b\"><a href=\"https:\/\/jego-styl.pl\/szantung\" data-type=\"link\" data-id=\"https:\/\/jego-styl.pl\/szantung\">Szantung \u2013 co to jest? Szantung w stylizacjach<\/a><\/li>\n\n\n\n<li><a href=\"https:\/\/magazyn.ceneo.pl\/artykuly\/panienski-w-stylu-boho\">Panie\u0144ski w stylu boho<\/a><\/li>\n\n\n\n<li><a href=\"https:\/\/magazyn.ceneo.pl\/artykuly\/impreza-w-stylu-amerykanskim\">Impreza w stylu ameryka\u0144skim<\/a><\/li>\n<\/ol>\n\n\n\n<p>*artyku\u0142y publikowane pod moim nazwiskiem (Magdalena Szymku\u0107) lub pod pseudonimem (Magdalena Sarnecka)<\/p>\n\n\n\n<hr class=\"wp-block-separator has-alpha-channel-opacity is-style-wide\"\/>\n\n\n\n<h2 class=\"wp-block-heading\" style=\"font-size:20px\"><strong>Naming:<\/strong><\/h2>\n\n\n\n<p><a href=\"http:\/\/zonglowanie-literami.pl\">Zonglowanie-literami.pl<\/a><\/p>\n\n\n\n<p>Strona, kt\u00f3ra jest wizyt\u00f3wk\u0105 specjalistki od pracy ze s\u0142owem. Copywriting, content writing, transcreation, redakcja, korekta, upraszczanie (zgodnie z zasadami prostej polszczyzny), UX writing.<\/p>\n\n\n\n<p class=\"has-black-color has-text-color has-link-color wp-elements-6f3bac475ad5971961030435956f98c8\"><a href=\"https:\/\/www.poznan.pl\/mim\/public\/szukaj\/index.html?action=search&amp;co=standard&amp;criteria=all&amp;string=przystanek+jak+malowany\" target=\"_blank\" rel=\"noreferrer noopener\">Przystanek jak malowany<\/a><\/p>\n\n\n\n<p>Akcja malowania przystank\u00f3w komunikacji miejskiej w Poznaniu. Mia\u0142a na celu walk\u0119 z wandalizmem oraz pokazanie kreatywno\u015bci uczni\u00f3w, a w wybranych edycjach tak\u017ce przypomnienie wa\u017cnych wydarze\u0144 z historii miasta i Wielkopolski.<\/p>\n\n\n\n<hr class=\"wp-block-separator has-alpha-channel-opacity is-style-wide\"\/>\n\n\n\n<h2 class=\"wp-block-heading\" style=\"font-size:20px\"><strong>Opisy produkt\u00f3w:<\/strong><\/h2>\n\n\n\n<p class=\"has-black-color has-text-color has-link-color wp-elements-16aa30b1f5c3d3182e40e2330bc16ce2\"><a href=\"https:\/\/drive.google.com\/file\/d\/1PpWK66v92km6GF-iv2J74N_DSE4_KBJX\/view?usp=sharing\">Portfolio opis\u00f3w produkt\u00f3w<\/a><\/p>\n\n\n\n<hr class=\"wp-block-separator has-alpha-channel-opacity is-style-wide\"\/>\n\n\n\n<h2 class=\"wp-block-heading\" style=\"font-size:20px\"><strong>Teksty PR-owe:<\/strong><\/h2>\n\n\n\n<p class=\"has-black-color has-text-color has-link-color wp-elements-9c908adf95c8b3d43e3d91e7d636da0c\"><a href=\"https:\/\/drive.google.com\/file\/d\/1M4y5tasrzgmuXJzPI76D2aKJ3ksxQlqP\/view?usp=sharing\">Portfolio tekst\u00f3w PR<\/a><\/p>\n\n\n\n<hr class=\"wp-block-separator has-alpha-channel-opacity is-style-wide\"\/>\n\n\n\n<h2 class=\"wp-block-heading\" style=\"font-size:20px\"><strong>Teksty oparte na danych (research, fact-checking, storytelling danych):<\/strong><\/h2>\n\n\n\n<p class=\"has-black-color has-text-color has-link-color wp-elements-761f5af1689cb09dece092d3085a04aa\"><a href=\"https:\/\/drive.google.com\/file\/d\/1oO09Vw6OaW1kLiOMVXLHId9exMismzCw\/view?usp=sharing\">Portfolio tekst\u00f3w opartych na danych<\/a><\/p>\n\n\n\n<hr class=\"wp-block-separator has-alpha-channel-opacity is-style-wide\"\/>\n\n\n\n<h2 class=\"wp-block-heading\" style=\"font-size:20px\"><strong>Instrukcje:<\/strong><\/h2>\n\n\n\n<ol class=\"wp-block-list\">\n<li class=\"has-black-color has-text-color has-link-color wp-elements-708525729449be64dfcc319c72d67f63\"><a data-type=\"link\" data-id=\"https:\/\/www.whitepress.com\/pl\/baza-wiedzy\/241\/facebook-jak-zalozyc-fan-page-na-facebooku-dla-swojego-bloga\" href=\"https:\/\/www.whitepress.com\/pl\/baza-wiedzy\/241\/facebook-jak-zalozyc-fan-page-na-facebooku-dla-swojego-bloga\">Co to&nbsp;jest fanpage? Jak za\u0142o\u017cy\u0107 fanpage na&nbsp;Facebooku?<\/a><\/li>\n\n\n\n<li class=\"has-black-color has-text-color has-link-color wp-elements-8c8f6da9d9dd966b6ab353d122b490f4\"><a data-type=\"link\" data-id=\"https:\/\/www.whitepress.com\/pl\/baza-wiedzy\/732\/pinterest-co-to-jest-i-jak-dziala\" href=\"https:\/\/www.whitepress.com\/pl\/baza-wiedzy\/732\/pinterest-co-to-jest-i-jak-dziala\">Pinterest &#8211;&nbsp;co to&nbsp;jest i&nbsp;jak dzia\u0142a?<\/a><\/li>\n<\/ol>\n\n\n\n<hr class=\"wp-block-separator has-alpha-channel-opacity is-style-wide\"\/>\n\n\n\n<h2 class=\"wp-block-heading\" style=\"font-size:20px\"><strong>Scenariusze podcast\u00f3w:<\/strong><\/h2>\n\n\n\n<p><a href=\"https:\/\/drive.google.com\/file\/d\/1CakFH2XG3E4SL1JNWrElxNSr7F1VnZuL\/view?usp=sharing\">Przyk\u0142ady scenariuszy podcast\u00f3w<\/a><\/p>\n\n\n\n<hr class=\"wp-block-separator has-alpha-channel-opacity is-style-wide\"\/>\n\n\n\n<h2 class=\"wp-block-heading\" style=\"font-size:20px\"><strong>Sekwencja e-maili sprzeda\u017cowych:<\/strong><\/h2>\n\n\n\n<p class=\"has-black-color has-text-color has-link-color wp-elements-3147944388f8f6e1afc1e387e50b7b68\"><a href=\"https:\/\/drive.google.com\/file\/d\/1VODIeVVvMBP7du2ds5US5exIXuXGgdWA\/view?usp=sharing\">Sekwencja e-maili sprzeda\u017cowych<\/a><\/p>\n\n\n\n<hr class=\"wp-block-separator has-alpha-channel-opacity is-style-wide\"\/>\n\n\n\n<h2 class=\"wp-block-heading\" style=\"font-size:20px\"><strong>Newsletter z zapisem na webinar:<\/strong><\/h2>\n\n\n\n<p><a href=\"https:\/\/webinarux.my.canva.site\/\">Przyk\u0142adowy newsletter z zapisem na webinar<\/a><\/p>\n\n\n\n<hr class=\"wp-block-separator has-alpha-channel-opacity is-style-wide\"\/>\n\n\n\n<h2 class=\"wp-block-heading\" style=\"font-size:20px\"><strong>Case study:<\/strong><\/h2>\n\n\n\n<p><a href=\"https:\/\/drive.google.com\/file\/d\/1SQxdzk0dzIq37mdxoFHSrPxyRCjd_a8Z\/view?usp=sharing\">Case study: g\u0142osowanie w wyborach prezydenckich z domu w czasie pandemii COVID-19<\/a><\/p>\n\n\n\n<hr class=\"wp-block-separator has-alpha-channel-opacity is-style-wide\"\/>\n\n\n\n<h2 class=\"wp-block-heading\" style=\"font-size:20px\"><strong>Posty do medi\u00f3w spo\u0142eczno\u015bciowych:<\/strong><\/h2>\n\n\n\n<p><a href=\"https:\/\/drive.google.com\/file\/d\/1PO2M9O6x6fCyhRVKHxp36Ki_DPmTdssE\/view?usp=sharing\">Post konkursowy na Facebooka<\/a><\/p>\n\n\n\n<hr class=\"wp-block-separator has-alpha-channel-opacity is-style-wide\"\/>\n\n\n\n<h2 class=\"wp-block-heading\" style=\"font-size:20px\"><strong>Redakcja, korekta i sk\u0142ad (wraz z porz\u0105dkowaniem materia\u0142\u00f3w):<\/strong><\/h2>\n\n\n\n<p><a href=\"https:\/\/drive.google.com\/file\/d\/17mS6J8bDn5Ir8EBUSop1CuN-4j0a7Lcn\/view?usp=sharing\" target=\"_blank\" rel=\"noreferrer noopener\">Portfolio redakcja, korekta i sk\u0142ad (wraz z porz\u0105dkowaniem materia\u0142\u00f3w)<\/a><\/p>\n\n\n\n<hr class=\"wp-block-separator has-alpha-channel-opacity is-style-wide\"\/>\n\n\n\n<h2 class=\"wp-block-heading\" style=\"font-size:20px\"><strong>UX writing:<\/strong><\/h2>\n\n\n\n<p>Przejd\u017a na stron\u0119: <a href=\"https:\/\/projektowanieux.pl\/\" target=\"_blank\" rel=\"noreferrer noopener\">projektowanieux.pl<\/a>.<\/p>\n\n\n\n<hr class=\"wp-block-separator has-alpha-channel-opacity is-style-wide\"\/>\n\n\n\n<h2 class=\"wp-block-heading\" style=\"font-size:20px\"><strong>Upraszczanie komunikat\u00f3w zgodnie z zasadami prostej polszczyzny:<\/strong><\/h2>\n\n\n\n<p>Przejd\u017a na stron\u0119: <a href=\"https:\/\/projektowanieux.pl\/prosty-jezyk-przyklady-uproszczen\/\" target=\"_blank\" rel=\"noreferrer noopener\">projektowanieux.pl\/prosty-jezyk-przyklady-uproszczen<\/a>.<\/p>\n\n\n\n<hr class=\"wp-block-separator has-alpha-channel-opacity is-style-wide\"\/>\n\n\n\n<h2 class=\"wp-block-heading\"><\/h2>\n\n\n\n<p><\/p>\n","protected":false},"excerpt":{"rendered":"<p>Chcesz zobaczy\u0107 portfolio moich tekst\u00f3w dla konkretnej bran\u017cy? Zapraszam do kontaktu. WhitePress Sp. z o.o. (wpisy na firmowy blog): Artyku\u0142y przygotowane dla Ceneo (artyku\u0142y tematyczne, poradniki, przegl\u0105dy produkt\u00f3w)*: *artyku\u0142y publikowane pod moim nazwiskiem (Magdalena Szymku\u0107) lub pod pseudonimem (Magdalena Sarnecka) Naming: Zonglowanie-literami.pl Strona, kt\u00f3ra jest wizyt\u00f3wk\u0105 specjalistki od pracy ze &hellip;<\/p>\n","protected":false},"author":2,"featured_media":0,"parent":0,"menu_order":4,"comment_status":"closed","ping_status":"closed","template":"","meta":{"sfsi_plus_gutenberg_text_before_share":"","sfsi_plus_gutenberg_show_text_before_share":"","sfsi_plus_gutenberg_icon_type":"","sfsi_plus_gutenberg_icon_alignemt":"","sfsi_plus_gutenburg_max_per_row":"","_monsterinsights_skip_tracking":false,"_monsterinsights_sitenote_active":false,"_monsterinsights_sitenote_note":"","_monsterinsights_sitenote_category":0,"footnotes":""},"class_list":["post-464","page","type-page","status-publish","hentry"],"yoast_head":"<!-- This site is optimized with the Yoast SEO plugin v27.4 - https:\/\/yoast.com\/product\/yoast-seo-wordpress\/ -->\n<title>Portfolio i teksty przyk\u0142adowe copywriter, content writer<\/title>\n<meta name=\"description\" content=\"Portfolio i teksty przyk\u0142adowe z r\u00f3\u017cnych dziedzin przygotowywane na potrzeby content marketingu. Copywriter, content writer z 5-letnim do\u015bwiadczeniem.\" \/>\n<meta name=\"robots\" content=\"index, follow, max-snippet:-1, max-image-preview:large, max-video-preview:-1\" \/>\n<link rel=\"canonical\" href=\"https:\/\/zonglowanie-literami.pl\/index.php\/portfolio\/\" \/>\n<meta property=\"og:locale\" content=\"pl_PL\" \/>\n<meta property=\"og:type\" content=\"article\" \/>\n<meta property=\"og:title\" content=\"Portfolio i teksty przyk\u0142adowe copywriter, content writer\" \/>\n<meta property=\"og:description\" content=\"Portfolio i teksty przyk\u0142adowe z r\u00f3\u017cnych dziedzin przygotowywane na potrzeby content marketingu. Copywriter, content writer z 5-letnim do\u015bwiadczeniem.\" \/>\n<meta property=\"og:url\" content=\"https:\/\/zonglowanie-literami.pl\/index.php\/portfolio\/\" \/>\n<meta property=\"og:site_name\" content=\"\u017bonglowanie literami\" \/>\n<meta property=\"article:modified_time\" content=\"2026-02-02T08:56:10+00:00\" \/>\n<meta name=\"twitter:card\" content=\"summary_large_image\" \/>\n<meta name=\"twitter:label1\" content=\"Szacowany czas czytania\" \/>\n\t<meta name=\"twitter:data1\" content=\"2 minuty\" \/>\n<script type=\"application\/ld+json\" class=\"yoast-schema-graph\">{\"@context\":\"https:\\\/\\\/schema.org\",\"@graph\":[{\"@type\":\"WebPage\",\"@id\":\"https:\\\/\\\/zonglowanie-literami.pl\\\/index.php\\\/portfolio\\\/\",\"url\":\"https:\\\/\\\/zonglowanie-literami.pl\\\/index.php\\\/portfolio\\\/\",\"name\":\"Portfolio i teksty przyk\u0142adowe copywriter, content writer\",\"isPartOf\":{\"@id\":\"https:\\\/\\\/zonglowanie-literami.pl\\\/#website\"},\"datePublished\":\"2013-08-07T20:14:00+00:00\",\"dateModified\":\"2026-02-02T08:56:10+00:00\",\"description\":\"Portfolio i teksty przyk\u0142adowe z r\u00f3\u017cnych dziedzin przygotowywane na potrzeby content marketingu. Copywriter, content writer z 5-letnim do\u015bwiadczeniem.\",\"breadcrumb\":{\"@id\":\"https:\\\/\\\/zonglowanie-literami.pl\\\/index.php\\\/portfolio\\\/#breadcrumb\"},\"inLanguage\":\"pl-PL\",\"potentialAction\":[{\"@type\":\"ReadAction\",\"target\":[\"https:\\\/\\\/zonglowanie-literami.pl\\\/index.php\\\/portfolio\\\/\"]}]},{\"@type\":\"BreadcrumbList\",\"@id\":\"https:\\\/\\\/zonglowanie-literami.pl\\\/index.php\\\/portfolio\\\/#breadcrumb\",\"itemListElement\":[{\"@type\":\"ListItem\",\"position\":1,\"name\":\"Strona g\u0142\u00f3wna\",\"item\":\"https:\\\/\\\/zonglowanie-literami.pl\\\/\"},{\"@type\":\"ListItem\",\"position\":2,\"name\":\"Portfolio\"}]},{\"@type\":\"WebSite\",\"@id\":\"https:\\\/\\\/zonglowanie-literami.pl\\\/#website\",\"url\":\"https:\\\/\\\/zonglowanie-literami.pl\\\/\",\"name\":\"\u017bonglowanie literami\",\"description\":\"\",\"publisher\":{\"@id\":\"https:\\\/\\\/zonglowanie-literami.pl\\\/#\\\/schema\\\/person\\\/b19bffb12a423ad6edf50acbab734ec0\"},\"potentialAction\":[{\"@type\":\"SearchAction\",\"target\":{\"@type\":\"EntryPoint\",\"urlTemplate\":\"https:\\\/\\\/zonglowanie-literami.pl\\\/?s={search_term_string}\"},\"query-input\":{\"@type\":\"PropertyValueSpecification\",\"valueRequired\":true,\"valueName\":\"search_term_string\"}}],\"inLanguage\":\"pl-PL\"},{\"@type\":[\"Person\",\"Organization\"],\"@id\":\"https:\\\/\\\/zonglowanie-literami.pl\\\/#\\\/schema\\\/person\\\/b19bffb12a423ad6edf50acbab734ec0\",\"name\":\"admin\",\"image\":{\"@type\":\"ImageObject\",\"inLanguage\":\"pl-PL\",\"@id\":\"http:\\\/\\\/zonglowanie-literami.pl\\\/wp-content\\\/uploads\\\/2025\\\/03\\\/icons8-create-100.png\",\"url\":\"http:\\\/\\\/zonglowanie-literami.pl\\\/wp-content\\\/uploads\\\/2025\\\/03\\\/icons8-create-100.png\",\"contentUrl\":\"http:\\\/\\\/zonglowanie-literami.pl\\\/wp-content\\\/uploads\\\/2025\\\/03\\\/icons8-create-100.png\",\"width\":100,\"height\":100,\"caption\":\"admin\"},\"logo\":{\"@id\":\"http:\\\/\\\/zonglowanie-literami.pl\\\/wp-content\\\/uploads\\\/2025\\\/03\\\/icons8-create-100.png\"}}]}<\/script>\n<!-- \/ Yoast SEO plugin. -->","yoast_head_json":{"title":"Portfolio i teksty przyk\u0142adowe copywriter, content writer","description":"Portfolio i teksty przyk\u0142adowe z r\u00f3\u017cnych dziedzin przygotowywane na potrzeby content marketingu. Copywriter, content writer z 5-letnim do\u015bwiadczeniem.","robots":{"index":"index","follow":"follow","max-snippet":"max-snippet:-1","max-image-preview":"max-image-preview:large","max-video-preview":"max-video-preview:-1"},"canonical":"https:\/\/zonglowanie-literami.pl\/index.php\/portfolio\/","og_locale":"pl_PL","og_type":"article","og_title":"Portfolio i teksty przyk\u0142adowe copywriter, content writer","og_description":"Portfolio i teksty przyk\u0142adowe z r\u00f3\u017cnych dziedzin przygotowywane na potrzeby content marketingu. Copywriter, content writer z 5-letnim do\u015bwiadczeniem.","og_url":"https:\/\/zonglowanie-literami.pl\/index.php\/portfolio\/","og_site_name":"\u017bonglowanie literami","article_modified_time":"2026-02-02T08:56:10+00:00","twitter_card":"summary_large_image","twitter_misc":{"Szacowany czas czytania":"2 minuty"},"schema":{"@context":"https:\/\/schema.org","@graph":[{"@type":"WebPage","@id":"https:\/\/zonglowanie-literami.pl\/index.php\/portfolio\/","url":"https:\/\/zonglowanie-literami.pl\/index.php\/portfolio\/","name":"Portfolio i teksty przyk\u0142adowe copywriter, content writer","isPartOf":{"@id":"https:\/\/zonglowanie-literami.pl\/#website"},"datePublished":"2013-08-07T20:14:00+00:00","dateModified":"2026-02-02T08:56:10+00:00","description":"Portfolio i teksty przyk\u0142adowe z r\u00f3\u017cnych dziedzin przygotowywane na potrzeby content marketingu. Copywriter, content writer z 5-letnim do\u015bwiadczeniem.","breadcrumb":{"@id":"https:\/\/zonglowanie-literami.pl\/index.php\/portfolio\/#breadcrumb"},"inLanguage":"pl-PL","potentialAction":[{"@type":"ReadAction","target":["https:\/\/zonglowanie-literami.pl\/index.php\/portfolio\/"]}]},{"@type":"BreadcrumbList","@id":"https:\/\/zonglowanie-literami.pl\/index.php\/portfolio\/#breadcrumb","itemListElement":[{"@type":"ListItem","position":1,"name":"Strona g\u0142\u00f3wna","item":"https:\/\/zonglowanie-literami.pl\/"},{"@type":"ListItem","position":2,"name":"Portfolio"}]},{"@type":"WebSite","@id":"https:\/\/zonglowanie-literami.pl\/#website","url":"https:\/\/zonglowanie-literami.pl\/","name":"\u017bonglowanie literami","description":"","publisher":{"@id":"https:\/\/zonglowanie-literami.pl\/#\/schema\/person\/b19bffb12a423ad6edf50acbab734ec0"},"potentialAction":[{"@type":"SearchAction","target":{"@type":"EntryPoint","urlTemplate":"https:\/\/zonglowanie-literami.pl\/?s={search_term_string}"},"query-input":{"@type":"PropertyValueSpecification","valueRequired":true,"valueName":"search_term_string"}}],"inLanguage":"pl-PL"},{"@type":["Person","Organization"],"@id":"https:\/\/zonglowanie-literami.pl\/#\/schema\/person\/b19bffb12a423ad6edf50acbab734ec0","name":"admin","image":{"@type":"ImageObject","inLanguage":"pl-PL","@id":"http:\/\/zonglowanie-literami.pl\/wp-content\/uploads\/2025\/03\/icons8-create-100.png","url":"http:\/\/zonglowanie-literami.pl\/wp-content\/uploads\/2025\/03\/icons8-create-100.png","contentUrl":"http:\/\/zonglowanie-literami.pl\/wp-content\/uploads\/2025\/03\/icons8-create-100.png","width":100,"height":100,"caption":"admin"},"logo":{"@id":"http:\/\/zonglowanie-literami.pl\/wp-content\/uploads\/2025\/03\/icons8-create-100.png"}}]}},"_links":{"self":[{"href":"https:\/\/zonglowanie-literami.pl\/index.php\/wp-json\/wp\/v2\/pages\/464","targetHints":{"allow":["GET"]}}],"collection":[{"href":"https:\/\/zonglowanie-literami.pl\/index.php\/wp-json\/wp\/v2\/pages"}],"about":[{"href":"https:\/\/zonglowanie-literami.pl\/index.php\/wp-json\/wp\/v2\/types\/page"}],"author":[{"embeddable":true,"href":"https:\/\/zonglowanie-literami.pl\/index.php\/wp-json\/wp\/v2\/users\/2"}],"replies":[{"embeddable":true,"href":"https:\/\/zonglowanie-literami.pl\/index.php\/wp-json\/wp\/v2\/comments?post=464"}],"version-history":[{"count":168,"href":"https:\/\/zonglowanie-literami.pl\/index.php\/wp-json\/wp\/v2\/pages\/464\/revisions"}],"predecessor-version":[{"id":3106,"href":"https:\/\/zonglowanie-literami.pl\/index.php\/wp-json\/wp\/v2\/pages\/464\/revisions\/3106"}],"wp:attachment":[{"href":"https:\/\/zonglowanie-literami.pl\/index.php\/wp-json\/wp\/v2\/media?parent=464"}],"curies":[{"name":"wp","href":"https:\/\/api.w.org\/{rel}","templated":true}]}}